{"id":1189,"date":"2017-07-06T12:33:00","date_gmt":"2017-07-06T10:33:00","guid":{"rendered":"http:\/\/neustaedter-schuetzengilde.de\/schuetzengilde_r\/?page_id=1189"},"modified":"2017-07-06T12:38:00","modified_gmt":"2017-07-06T10:38:00","slug":"fotogalerie-2015","status":"publish","type":"page","link":"https:\/\/neustaedter-schuetzengilde.de\/schuetzengilde_r\/fotogalerie-2015\/","title":{"rendered":"Fotogalerie 2015"},"content":{"rendered":"<p><a href=\"http:\/\/www.neustaedter-schuetzengilde.de\/downloads\/galerien\/Vogelschie%C3%9Fen_2015_web\/index.htm\">Vogelschie\u00dfen 2015 I.<\/a><\/p>\n<p><a href=\"http:\/\/www.neustaedter-schuetzengilde.de\/downloads\/galerien\/Vogelschie%C3%9Fen_2_2015_web\/index.htm\">Vogelschie\u00dfen 2015 II.<\/a><\/p>\n<p><a href=\"http:\/\/www.neustaedter-schuetzengilde.de\/downloads\/galerien\/Vogelschie%C3%9Fen_3_2015_web\/index.htm\">Vogelschie\u00dfen 2015 III.<\/a><\/p>\n<p><a href=\"http:\/\/www.neustaedter-schuetzengilde.de\/downloads\/galerien\/Gildeball_2015_web\/\">Gildeball 2015<\/a><\/p>\n","protected":false},"excerpt":{"rendered":"<p>Vogelschie\u00dfen 2015 I. Vogelschie\u00dfen 2015 II. Vogelschie\u00dfen 2015 III. Gildeball 2015<\/p>\n","protected":false},"author":4,"featured_media":0,"parent":0,"menu_order":0,"comment_status":"closed","ping_status":"closed","template":"","meta":{"footnotes":""},"class_list":["post-1189","page","type-page","status-publish","hentry"],"rttpg_featured_image_url":null,"rttpg_author":{"display_name":"Hartmut von Halle","author_link":"https:\/\/neustaedter-schuetzengilde.de\/schuetzengilde_r\/author\/hvh\/"},"rttpg_comment":0,"rttpg_category":null,"rttpg_excerpt":"Vogelschie\u00dfen 2015 I. Vogelschie\u00dfen 2015 II. Vogelschie\u00dfen 2015 III. Gildeball 2015","_links":{"self":[{"href":"https:\/\/neustaedter-schuetzengilde.de\/schuetzengilde_r\/wp-json\/wp\/v2\/pages\/1189","targetHints":{"allow":["GET"]}}],"collection":[{"href":"https:\/\/neustaedter-schuetzengilde.de\/schuetzengilde_r\/wp-json\/wp\/v2\/pages"}],"about":[{"href":"https:\/\/neustaedter-schuetzengilde.de\/schuetzengilde_r\/wp-json\/wp\/v2\/types\/page"}],"author":[{"embeddable":true,"href":"https:\/\/neustaedter-schuetzengilde.de\/schuetzengilde_r\/wp-json\/wp\/v2\/users\/4"}],"replies":[{"embeddable":true,"href":"https:\/\/neustaedter-schuetzengilde.de\/schuetzengilde_r\/wp-json\/wp\/v2\/comments?post=1189"}],"version-history":[{"count":4,"href":"https:\/\/neustaedter-schuetzengilde.de\/schuetzengilde_r\/wp-json\/wp\/v2\/pages\/1189\/revisions"}],"predecessor-version":[{"id":1193,"href":"https:\/\/neustaedter-schuetzengilde.de\/schuetzengilde_r\/wp-json\/wp\/v2\/pages\/1189\/revisions\/1193"}],"wp:attachment":[{"href":"https:\/\/neustaedter-schuetzengilde.de\/schuetzengilde_r\/wp-json\/wp\/v2\/media?parent=1189"}],"curies":[{"name":"wp","href":"https:\/\/api.w.org\/{rel}","templated":true}]}}