{"id":1210,"date":"2017-07-06T13:12:40","date_gmt":"2017-07-06T11:12:40","guid":{"rendered":"http:\/\/neustaedter-schuetzengilde.de\/schuetzengilde_r\/?page_id=1210"},"modified":"2017-07-06T16:58:20","modified_gmt":"2017-07-06T14:58:20","slug":"fotogalerie-2006","status":"publish","type":"page","link":"https:\/\/neustaedter-schuetzengilde.de\/schuetzengilde_r\/fotogalerie-2006\/","title":{"rendered":"Fotogalerie 2006"},"content":{"rendered":"<p><a href=\"http:\/\/www.neustaedter-schuetzengilde.de\/downloads\/galerien\/Gildewitwen_06\/index.htm\">Gildewitwen Adventskaffee 2006<\/a><\/p>\n<p><a href=\"http:\/\/www.neustaedter-schuetzengilde.de\/downloads\/galerien\/Abrechnung_JK_2006\/index.htm\">Vogelschie\u00dfen 2006 I.<\/a><\/p>\n<p><a href=\"http:\/\/www.neustaedter-schuetzengilde.de\/downloads\/galerien\/Abrechnung_SD_2006\/index.htm\">Vogelschie\u00dfen 2006 II. Abrechnung<\/a><\/p>\n<p><a href=\"http:\/\/www.neustaedter-schuetzengilde.de\/downloads\/galerien\/Vogel_Schwark_2_2002\/index.htm\">Vogelschie\u00dfen 2006 III.<\/a><\/p>\n<p><a href=\"http:\/\/www.neustaedter-schuetzengilde.de\/downloads\/galerien\/Vogel_2006_4\/index.htm\">Vogelschie\u00dfen 2006 IV.<\/a><\/p>\n<p><a href=\"http:\/\/www.neustaedter-schuetzengilde.de\/downloads\/galerien\/Vogel_2006_3\/index.htm\">Vogelschie\u00dfen 2006 V.<\/a><\/p>\n<p><a href=\"http:\/\/www.neustaedter-schuetzengilde.de\/downloads\/galerien\/Abrechnung_SD_2006\/index.htm\">Vogelschie\u00dfen 2006 VI.<\/a><\/p>\n<p><a href=\"http:\/\/www.neustaedter-schuetzengilde.de\/downloads\/galerien\/Abrechnung_JK_2006\/index.htm\">Vogelschie\u00dfen 2006 VII.<\/a><\/p>\n<p><a href=\"http:\/\/www.neustaedter-schuetzengilde.de\/downloads\/galerien\/KOENIGSKUTSCHE_2006\/index.htm\">Geleit f\u00fcr die K\u00f6nigskutsche<\/a><\/p>\n<p><a href=\"http:\/\/www.neustaedter-schuetzengilde.de\/downloads\/galerien\/Gilde_schuetzenball06_1\/index.html\">Sch\u00fctzenball 2006 I.<\/a><\/p>\n<p><a href=\"http:\/\/www.neustaedter-schuetzengilde.de\/downloads\/galerien\/Gilde_Schuetzenball_2006_html\/index.htm\">Sch\u00fctzenball 2006 II.<\/a><\/p>\n<p><a href=\"http:\/\/www.neustaedter-schuetzengilde.de\/downloads\/galerien\/Gilde_Stahlvogel_2006_Internet\/index.htm\">Stahlvogel 2006<\/a><\/p>\n","protected":false},"excerpt":{"rendered":"<p>Gildewitwen Adventskaffee 2006 Vogelschie\u00dfen 2006 I. Vogelschie\u00dfen 2006 II. Abrechnung Vogelschie\u00dfen 2006 III. Vogelschie\u00dfen 2006 IV. Vogelschie\u00dfen 2006 V. Vogelschie\u00dfen 2006 VI. Vogelschie\u00dfen 2006 VII. Geleit f\u00fcr die K\u00f6nigskutsche Sch\u00fctzenball 2006 I. Sch\u00fctzenball 2006 II. Stahlvogel 2006<\/p>\n","protected":false},"author":4,"featured_media":0,"parent":0,"menu_order":0,"comment_status":"closed","ping_status":"closed","template":"","meta":{"footnotes":""},"class_list":["post-1210","page","type-page","status-publish","hentry"],"rttpg_featured_image_url":null,"rttpg_author":{"display_name":"Hartmut von Halle","author_link":"https:\/\/neustaedter-schuetzengilde.de\/schuetzengilde_r\/author\/hvh\/"},"rttpg_comment":0,"rttpg_category":null,"rttpg_excerpt":"Gildewitwen Adventskaffee 2006 Vogelschie\u00dfen 2006 I. Vogelschie\u00dfen 2006 II. Abrechnung Vogelschie\u00dfen 2006 III. Vogelschie\u00dfen 2006 IV. Vogelschie\u00dfen 2006 V. Vogelschie\u00dfen 2006 VI. Vogelschie\u00dfen 2006 VII. Geleit f\u00fcr die K\u00f6nigskutsche Sch\u00fctzenball 2006 I. Sch\u00fctzenball 2006 II. Stahlvogel 2006","_links":{"self":[{"href":"https:\/\/neustaedter-schuetzengilde.de\/schuetzengilde_r\/wp-json\/wp\/v2\/pages\/1210","targetHints":{"allow":["GET"]}}],"collection":[{"href":"https:\/\/neustaedter-schuetzengilde.de\/schuetzengilde_r\/wp-json\/wp\/v2\/pages"}],"about":[{"href":"https:\/\/neustaedter-schuetzengilde.de\/schuetzengilde_r\/wp-json\/wp\/v2\/types\/page"}],"author":[{"embeddable":true,"href":"https:\/\/neustaedter-schuetzengilde.de\/schuetzengilde_r\/wp-json\/wp\/v2\/users\/4"}],"replies":[{"embeddable":true,"href":"https:\/\/neustaedter-schuetzengilde.de\/schuetzengilde_r\/wp-json\/wp\/v2\/comments?post=1210"}],"version-history":[{"count":4,"href":"https:\/\/neustaedter-schuetzengilde.de\/schuetzengilde_r\/wp-json\/wp\/v2\/pages\/1210\/revisions"}],"predecessor-version":[{"id":1236,"href":"https:\/\/neustaedter-schuetzengilde.de\/schuetzengilde_r\/wp-json\/wp\/v2\/pages\/1210\/revisions\/1236"}],"wp:attachment":[{"href":"https:\/\/neustaedter-schuetzengilde.de\/schuetzengilde_r\/wp-json\/wp\/v2\/media?parent=1210"}],"curies":[{"name":"wp","href":"https:\/\/api.w.org\/{rel}","templated":true}]}}