{"id":1353,"date":"2017-09-30T16:07:17","date_gmt":"2017-09-30T14:07:17","guid":{"rendered":"http:\/\/neustaedter-schuetzengilde.de\/schuetzengilde_r\/?page_id=1353"},"modified":"2017-11-21T11:49:32","modified_gmt":"2017-11-21T10:49:32","slug":"800-jahre-buergerengagement-ausstellung-im-museum-zeittor","status":"publish","type":"page","link":"https:\/\/neustaedter-schuetzengilde.de\/schuetzengilde_r\/800-jahre-buergerengagement-ausstellung-im-museum-zeittor\/","title":{"rendered":"800 Jahre B\u00fcrgerengagement &#8211; Ausstellung im Neust\u00e4dter Museum zeiTTor"},"content":{"rendered":"<p><span style=\"color: #000000;\">800 Jahre B\u00fcrgerengagement \u2013 Ausstellung der Neust\u00e4dter Sch\u00fctzengilde im zeiTTor Museum der Stadt Neustadt in Holstein vom 28. September bis 19. November 2017<\/span><\/p>\n<p><img loading=\"lazy\" decoding=\"async\" class=\"alignnone size-full wp-image-1398\" src=\"http:\/\/neustaedter-schuetzengilde.de\/schuetzengilde_r\/wp-content\/uploads\/2017\/09\/Bildschirmfoto-2017-10-01-um-11.59.59.png\" alt=\"\" width=\"366\" height=\"339\" srcset=\"https:\/\/neustaedter-schuetzengilde.de\/schuetzengilde_r\/wp-content\/uploads\/2017\/09\/Bildschirmfoto-2017-10-01-um-11.59.59.png 366w, https:\/\/neustaedter-schuetzengilde.de\/schuetzengilde_r\/wp-content\/uploads\/2017\/09\/Bildschirmfoto-2017-10-01-um-11.59.59-300x278.png 300w\" sizes=\"auto, (max-width: 366px) 100vw, 366px\" \/>\u00a0\u00a0 <img loading=\"lazy\" decoding=\"async\" class=\"alignnone size-full wp-image-1399\" src=\"http:\/\/neustaedter-schuetzengilde.de\/schuetzengilde_r\/wp-content\/uploads\/2017\/09\/Bildschirmfoto-2017-10-01-um-12.01.43.png\" alt=\"\" width=\"330\" height=\"254\" srcset=\"https:\/\/neustaedter-schuetzengilde.de\/schuetzengilde_r\/wp-content\/uploads\/2017\/09\/Bildschirmfoto-2017-10-01-um-12.01.43.png 330w, https:\/\/neustaedter-schuetzengilde.de\/schuetzengilde_r\/wp-content\/uploads\/2017\/09\/Bildschirmfoto-2017-10-01-um-12.01.43-300x231.png 300w\" sizes=\"auto, (max-width: 330px) 100vw, 330px\" \/><\/p>\n<p><em>Eckert Groth (rechts) und Uwe Muchow haben die Ausstellung geplant, organisiert und umgesetzt.<\/em><\/p>\n<p>In den vergangenen 8 Jahrhunderten der Neust\u00e4dter Stadtgeschichte haben sich immer wieder B\u00fcrger dieser Stadt f\u00fcr das Gemeinwohl und zur gegenseitigen Unterst\u00fctzung engagiert. Diese B\u00fcrger waren zum gro\u00dfen Anteil auch immer Mitglieder einer Neust\u00e4dter Gilde. Die Ausstellung soll dieses B\u00fcrgerengagement aufzeigen.<\/p>\n<p>\u00dcber das Gildewesen gibt es umfangreiche Literatur, aus der die Vielfalt ersichtlich wird, in der sich unter der Bezeichnung \u201eGilde\u201c im Laufe von Jahrhunderten menschliches Zusammenleben vollzogen hat. Wie bei einem Stammbaum hat sich das Gildewesen aus einer gemeinsamen Wurzel (das Gildewesen) entwickelt und zeigt sich bis heute hin in seinen verschiedenen \u00c4sten und Zweigen.<\/p>\n<p>Das Wort \u201egild&#8220; bedeutet urspr\u00fcnglich so viel wie Vergeltung, Bu\u00dfe, Opfer, dann aber auch Trinkgelage. Offenbar kommt hierin die Tatsache zum Ausdruck, dass die Gilde die erste soziale Einrichtung war, welche den Grundsatz der \u201espeziellen Entgeltlichkeit\u201c anwendete, die noch heute Grundlage jeden kommunalen Lebens ist.<\/p>\n<p>Eine Gilde ist vom Ursprung her ein freiwilliger Zusammenschluss von Personen zum Schutze und zur gegenseitigen Hilfeleistung bei eintretendem Unheil (wie Krankheit, Tod, Unwetter, Feuersnot u. a.) sowie ebenfalls zur Pflege des geselligen Beisammenseins. Seit vielen Jahrhunderten gibt es Gilden auch in Neustadt in Holstein, jeweils mit unterschiedlichen Aufgaben. Die Gilden waren und sind Gemeinschaften zum Schutz der Allgemeinheit und des Gemeinwesens.<\/p>\n<p>Zum festen Bestandteil der Bruderschaften geh\u00f6rte stets auch das Abhalten von Festlichkeiten, dem sogenannten Gelage, meist verbunden mit der Rechnungslegung f\u00fcr das Jahr. Mit der Reformation endete das betont kirchliche Wirken der Bruderschaften \u2013 der sogenannten Kalande. Man wendete sich mehr weltlichen Aufgaben zu, die man nun in Brand-, Toten-und Sch\u00fctzengilden verst\u00e4rkt aus\u00fcbte, ohne dass dabei die Geselligkeit der alten Gelage (Trinken und Essen bei Zusammenk\u00fcnften) zu kurz kam. Die Bezeichnung \u201eSch\u00fctzengilde\u201c entspringt dabei dem Wortstamm \u201eSchutz\u201c und nicht dem Stamm \u201eSchie\u00dfen\u201c, wie vielfach vermutet wird.<\/p>\n<p>Dieser jahrhundertealten Tradition f\u00fchlt sich auch die Neust\u00e4dter Sch\u00fctzengilde bis heute verpflichtet &#8211; sie lebt diese Tradition. Zum einen werden die Gildebr\u00fcder (Mitglieder) durch spezielle Vortr\u00e4ge an diese geschichtliche Tradition erinnert, zum anderen wird die gemeinsame Jahresfeier in besonderer, traditioneller Form durchgef\u00fchrt, was f\u00fcr jeden Neust\u00e4dter beim j\u00e4hrlich stattfinden Vogelschie\u00dfen sichtbar wird. Dazu geh\u00f6rt unter anderem auch die Pflege der plattdeutschen Sprache.<\/p>\n<p>Auch der urspr\u00fcngliche Gedanke gegenseitiger Unterst\u00fctzung wird in der Gilde stets gef\u00f6rdert. Mehr als 95 Prozent der Gildebr\u00fcder (Mitglieder) engagieren sich in anderen Vereinen und Verb\u00e4nden ehrenamtlich in der Stadt oder haben sich engagiert. Die Gilde oder die Neust\u00e4dter Sch\u00fctzengilde ist somit ein bedeutendes oder wichtiges Netzwerk zur F\u00f6rderung des Ehrenamtes in Neustadt in Holstein.<\/p>\n<p><img loading=\"lazy\" decoding=\"async\" class=\"alignnone size-large wp-image-1390\" src=\"http:\/\/neustaedter-schuetzengilde.de\/schuetzengilde_r\/wp-content\/uploads\/2017\/09\/Urkunde-1024x849.jpg\" alt=\"\" width=\"780\" height=\"647\" srcset=\"https:\/\/neustaedter-schuetzengilde.de\/schuetzengilde_r\/wp-content\/uploads\/2017\/09\/Urkunde-1024x849.jpg 1024w, https:\/\/neustaedter-schuetzengilde.de\/schuetzengilde_r\/wp-content\/uploads\/2017\/09\/Urkunde-300x249.jpg 300w, https:\/\/neustaedter-schuetzengilde.de\/schuetzengilde_r\/wp-content\/uploads\/2017\/09\/Urkunde-768x637.jpg 768w, https:\/\/neustaedter-schuetzengilde.de\/schuetzengilde_r\/wp-content\/uploads\/2017\/09\/Urkunde.jpg 1461w\" sizes=\"auto, (max-width: 780px) 100vw, 780px\" \/><\/p>\n<p><em>Hospital-Urkunde von 1344 &#8211; mit erstmaliger Erw\u00e4hnung einer Gildeheuer<\/em><\/p>\n","protected":false},"excerpt":{"rendered":"<p>800 Jahre B\u00fcrgerengagement \u2013 Ausstellung der Neust\u00e4dter Sch\u00fctzengilde im zeiTTor Museum der Stadt Neustadt in Holstein vom 28. September bis 19. November 2017 \u00a0\u00a0 Eckert Groth (rechts) und Uwe Muchow haben die Ausstellung geplant, organisiert und umgesetzt. In den vergangenen <a class=\"more-link\" href=\"https:\/\/neustaedter-schuetzengilde.de\/schuetzengilde_r\/800-jahre-buergerengagement-ausstellung-im-museum-zeittor\/\">weiterlesen&#8230;<\/a><\/p>\n","protected":false},"author":4,"featured_media":0,"parent":0,"menu_order":0,"comment_status":"closed","ping_status":"closed","template":"","meta":{"footnotes":""},"class_list":["post-1353","page","type-page","status-publish","hentry"],"rttpg_featured_image_url":null,"rttpg_author":{"display_name":"Hartmut von Halle","author_link":"https:\/\/neustaedter-schuetzengilde.de\/schuetzengilde_r\/author\/hvh\/"},"rttpg_comment":0,"rttpg_category":null,"rttpg_excerpt":"800 Jahre B\u00fcrgerengagement \u2013 Ausstellung der Neust\u00e4dter Sch\u00fctzengilde im zeiTTor Museum der Stadt Neustadt in Holstein vom 28. September bis 19. November 2017 \u00a0\u00a0 Eckert Groth (rechts) und Uwe Muchow haben die Ausstellung geplant, organisiert und umgesetzt. In den vergangenen weiterlesen...","_links":{"self":[{"href":"https:\/\/neustaedter-schuetzengilde.de\/schuetzengilde_r\/wp-json\/wp\/v2\/pages\/1353","targetHints":{"allow":["GET"]}}],"collection":[{"href":"https:\/\/neustaedter-schuetzengilde.de\/schuetzengilde_r\/wp-json\/wp\/v2\/pages"}],"about":[{"href":"https:\/\/neustaedter-schuetzengilde.de\/schuetzengilde_r\/wp-json\/wp\/v2\/types\/page"}],"author":[{"embeddable":true,"href":"https:\/\/neustaedter-schuetzengilde.de\/schuetzengilde_r\/wp-json\/wp\/v2\/users\/4"}],"replies":[{"embeddable":true,"href":"https:\/\/neustaedter-schuetzengilde.de\/schuetzengilde_r\/wp-json\/wp\/v2\/comments?post=1353"}],"version-history":[{"count":15,"href":"https:\/\/neustaedter-schuetzengilde.de\/schuetzengilde_r\/wp-json\/wp\/v2\/pages\/1353\/revisions"}],"predecessor-version":[{"id":1508,"href":"https:\/\/neustaedter-schuetzengilde.de\/schuetzengilde_r\/wp-json\/wp\/v2\/pages\/1353\/revisions\/1508"}],"wp:attachment":[{"href":"https:\/\/neustaedter-schuetzengilde.de\/schuetzengilde_r\/wp-json\/wp\/v2\/media?parent=1353"}],"curies":[{"name":"wp","href":"https:\/\/api.w.org\/{rel}","templated":true}]}}