{"id":1412,"date":"2017-10-02T11:35:03","date_gmt":"2017-10-02T09:35:03","guid":{"rendered":"http:\/\/neustaedter-schuetzengilde.de\/schuetzengilde_r\/?page_id=1412"},"modified":"2017-10-02T11:35:04","modified_gmt":"2017-10-02T09:35:04","slug":"aeltere-nachrichten-ueber-das-stadtgeschehen","status":"publish","type":"page","link":"https:\/\/neustaedter-schuetzengilde.de\/schuetzengilde_r\/aeltere-nachrichten-ueber-das-stadtgeschehen\/","title":{"rendered":"\u00c4ltere Nachrichten \u00fcber das Stadtgeschehen"},"content":{"rendered":"<table border=\"0\" width=\"100%\" cellspacing=\"0\" cellpadding=\"0\">\n<tbody>\n<tr>\n<td>\n<table border=\"0\" width=\"100%\" cellspacing=\"8\" cellpadding=\"0\">\n<tbody>\n<tr>\n<td><span class=\"headlinea\">\u00a0<\/span><img loading=\"lazy\" decoding=\"async\" src=\"http:\/\/www.neustaedter-schuetzengilde.de\/geschichte\/images\/oldnews.jpg\" alt=\"\" width=\"250\" height=\"242\" name=\"foto001\" \/><\/p>\n<p>Kaplan Johann Offe, der als Stadt- und Hospitalschreiber seit 1406 in st\u00e4dtischen Diensten war, hat uns in einer um 1440 gefertigten Stadtchronik und seinen Hospitalhandschriften weitere Nachrichten hinterlassen, die auszugsweise in niederdeutsch und in hochdeutscher \u00dcbersetzung folgen.<\/p>\n<p><img loading=\"lazy\" decoding=\"async\" class=\"alignnone size-full wp-image-1413\" src=\"http:\/\/neustaedter-schuetzengilde.de\/schuetzengilde_r\/wp-content\/uploads\/2017\/10\/sbecher3.gif\" alt=\"\" width=\"125\" height=\"178\" \/><\/p>\n<p>Der u.a. F\u00fcnfpa\u00df wird in etwa auf das Jahr 1498 datiert und ist somit einer der \u00e4ltesten Silberbecher aus dem Silberschatz. Es ist wahrscheinlich eine L\u00fcbecker Arbeit.<\/p>\n<p><img loading=\"lazy\" decoding=\"async\" src=\"http:\/\/www.neustaedter-schuetzengilde.de\/geschichte\/images\/onews2.jpg\" alt=\"\" width=\"300\" height=\"199\" name=\"foto002blk_block01__1\" \/><\/p>\n<p>Als die Stadt L\u00fcbeck 144 Jahre bestand (Schlu\u00dffolgerung von Offe, weil die alte L\u00fcbecker Chronik 1100 beginnt), wurde die Nyestadt erbaut &#8211; 1244 nach Christi Geburt. 1350 war der gro\u00dfe Tod (Pest). 1390 am Abend vor dyonisij (8. Oktober) war hier der gro\u00dfe Brand. 1399 brannte die Stadt erneut &#8211; das Br\u00fccktor, Speicher und Planken (Palisaden? und nochmals dann 1419 in der St.Wylhaden-Nacht (8.November). Sechs Jahre danach in der Ernte brannten viele H\u00e4user in Marktn\u00e4he und in der Cremperstra\u00dfe.<\/p>\n<p>Gott der w\u00fcrdige Heilige Geist, St. Marcus und St. Gertrud, Schutzherren der Kapellen des Hospitals mit unserer Kirchen Schutzherrin Maria, der mildesten Mutter Christi, bewahren Stadt und Volk vor solchem Schaden in Gottes Namen.<\/td>\n<\/tr>\n<\/tbody>\n<\/table>\n<\/td>\n<\/tr>\n<tr>\n<td>\n<table border=\"0\" width=\"100%\" cellspacing=\"0\" cellpadding=\"0\">\n<tbody>\n<tr>\n<td valign=\"top\" width=\"100%\">\n<table border=\"0\" width=\"100%\" cellspacing=\"8\" cellpadding=\"0\">\n<tbody>\n<tr>\n<td>\n<table border=\"0\" width=\"824\" cellspacing=\"0\" cellpadding=\"2\">\n<tbody>\n<tr>\n<td align=\"center\"><\/td>\n<\/tr>\n<tr>\n<td align=\"left\">&nbsp;<\/td>\n<\/tr>\n<\/tbody>\n<\/table>\n<\/td>\n<\/tr>\n<tr>\n<td>\n<table border=\"0\" width=\"100%\" cellspacing=\"0\" cellpadding=\"2\">\n<tbody>\n<tr>\n<td align=\"center\"><\/td>\n<\/tr>\n<tr>\n<td align=\"left\">Als die Stadt L\u00fcbeck 144 Jahre bestand (Schlu\u00dffolgerung von Offe, weil die alte L\u00fcbecker Chronik 1100 beginnt), wurde die Nyestadt erbaut &#8211; 1244 nach Christi Geburt. 1350 war der gro\u00dfe Tod (Pest). 1390 am Abend vor dyonisij (8. Oktober) war hier der gro\u00dfe Brand. 1399 brannte die Stadt erneut &#8211; das Br\u00fccktor, Speicher und Planken (Palisaden? und nochmals dann 1419 in der St.Wylhaden-Nacht (8.November). Sechs Jahre danach in der Ernte brannten viele H\u00e4user in Marktn\u00e4he und in der Cremperstra\u00dfe.<\/p>\n<p>Gott der w\u00fcrdige Heilige Geist, St. Marcus und St. Gertrud, Schutzherren der Kapellen des Hospitals mit unserer Kirchen Schutzherrin Maria, der mildesten Mutter Christi, bewahren Stadt und Volk vor solchem Schaden in Gottes Namen.<\/td>\n<\/tr>\n<\/tbody>\n<\/table>\n<\/td>\n<\/tr>\n<\/tbody>\n<\/table>\n<\/td>\n<\/tr>\n<\/tbody>\n<\/table>\n<\/td>\n<\/tr>\n<\/tbody>\n<\/table>\n","protected":false},"excerpt":{"rendered":"<p>\u00a0 Kaplan Johann Offe, der als Stadt- und Hospitalschreiber seit 1406 in st\u00e4dtischen Diensten war, hat uns in einer um 1440 gefertigten Stadtchronik und seinen Hospitalhandschriften weitere Nachrichten hinterlassen, die auszugsweise in niederdeutsch und in hochdeutscher \u00dcbersetzung folgen. Der u.a. <a class=\"more-link\" href=\"https:\/\/neustaedter-schuetzengilde.de\/schuetzengilde_r\/aeltere-nachrichten-ueber-das-stadtgeschehen\/\">weiterlesen&#8230;<\/a><\/p>\n","protected":false},"author":4,"featured_media":0,"parent":0,"menu_order":0,"comment_status":"closed","ping_status":"closed","template":"","meta":{"footnotes":""},"class_list":["post-1412","page","type-page","status-publish","hentry"],"rttpg_featured_image_url":null,"rttpg_author":{"display_name":"Hartmut von Halle","author_link":"https:\/\/neustaedter-schuetzengilde.de\/schuetzengilde_r\/author\/hvh\/"},"rttpg_comment":0,"rttpg_category":null,"rttpg_excerpt":"\u00a0 Kaplan Johann Offe, der als Stadt- und Hospitalschreiber seit 1406 in st\u00e4dtischen Diensten war, hat uns in einer um 1440 gefertigten Stadtchronik und seinen Hospitalhandschriften weitere Nachrichten hinterlassen, die auszugsweise in niederdeutsch und in hochdeutscher \u00dcbersetzung folgen. Der u.a. weiterlesen...","_links":{"self":[{"href":"https:\/\/neustaedter-schuetzengilde.de\/schuetzengilde_r\/wp-json\/wp\/v2\/pages\/1412","targetHints":{"allow":["GET"]}}],"collection":[{"href":"https:\/\/neustaedter-schuetzengilde.de\/schuetzengilde_r\/wp-json\/wp\/v2\/pages"}],"about":[{"href":"https:\/\/neustaedter-schuetzengilde.de\/schuetzengilde_r\/wp-json\/wp\/v2\/types\/page"}],"author":[{"embeddable":true,"href":"https:\/\/neustaedter-schuetzengilde.de\/schuetzengilde_r\/wp-json\/wp\/v2\/users\/4"}],"replies":[{"embeddable":true,"href":"https:\/\/neustaedter-schuetzengilde.de\/schuetzengilde_r\/wp-json\/wp\/v2\/comments?post=1412"}],"version-history":[{"count":1,"href":"https:\/\/neustaedter-schuetzengilde.de\/schuetzengilde_r\/wp-json\/wp\/v2\/pages\/1412\/revisions"}],"predecessor-version":[{"id":1414,"href":"https:\/\/neustaedter-schuetzengilde.de\/schuetzengilde_r\/wp-json\/wp\/v2\/pages\/1412\/revisions\/1414"}],"wp:attachment":[{"href":"https:\/\/neustaedter-schuetzengilde.de\/schuetzengilde_r\/wp-json\/wp\/v2\/media?parent=1412"}],"curies":[{"name":"wp","href":"https:\/\/api.w.org\/{rel}","templated":true}]}}