{"id":1416,"date":"2017-10-02T11:41:42","date_gmt":"2017-10-02T09:41:42","guid":{"rendered":"http:\/\/neustaedter-schuetzengilde.de\/schuetzengilde_r\/?page_id=1416"},"modified":"2017-10-02T11:41:42","modified_gmt":"2017-10-02T09:41:42","slug":"bursprake-von-1502","status":"publish","type":"page","link":"https:\/\/neustaedter-schuetzengilde.de\/schuetzengilde_r\/bursprake-von-1502\/","title":{"rendered":"Bursprake von 1502"},"content":{"rendered":"<table border=\"0\" width=\"100%\" cellspacing=\"0\" cellpadding=\"0\">\n<tbody>\n<tr>\n<td>\n<table border=\"0\" width=\"100%\" cellspacing=\"8\" cellpadding=\"0\">\n<tbody>\n<tr>\n<td><img loading=\"lazy\" decoding=\"async\" src=\"http:\/\/www.neustaedter-schuetzengilde.de\/geschichte\/images\/bursprake.jpg\" alt=\"\" width=\"295\" height=\"606\" name=\"foto001\" \/><\/p>\n<p><i>Bursprake von 1502 (Verhaltensvorschrift f\u00fcr die B\u00fcrger)<\/i><\/p>\n<p><img loading=\"lazy\" decoding=\"async\" class=\"alignnone size-full wp-image-1417\" src=\"http:\/\/neustaedter-schuetzengilde.de\/schuetzengilde_r\/wp-content\/uploads\/2017\/10\/sbecher3-1.gif\" alt=\"\" width=\"125\" height=\"178\" \/><\/p>\n<p>Der u.a. Reifbecher wird auf das Jahr 1498 (ca) datiert und ist somit einer der \u00e4ltesten Silberbecher aus dem Silberschatz. Es ist wahrscheinlich eine L\u00fcbecker Arbeit.<\/p>\n<p>Evtl. ist er auch eine Stiftung f\u00fcr das neue Rathaus (1497). Das alte war 1419 abgebrannt.<\/td>\n<\/tr>\n<\/tbody>\n<\/table>\n<\/td>\n<\/tr>\n<tr>\n<td>\n<table border=\"0\" width=\"100%\" cellspacing=\"0\" cellpadding=\"0\">\n<tbody>\n<tr>\n<td valign=\"top\" width=\"100%\">\n<table border=\"0\" width=\"100%\" cellspacing=\"8\" cellpadding=\"0\">\n<tbody>\n<tr>\n<td>\n<table border=\"0\" width=\"100%\" cellspacing=\"0\" cellpadding=\"2\">\n<tbody>\n<tr>\n<td align=\"center\"><\/td>\n<\/tr>\n<tr>\n<td align=\"left\">&nbsp;<\/td>\n<\/tr>\n<\/tbody>\n<\/table>\n<\/td>\n<\/tr>\n<\/tbody>\n<\/table>\n<\/td>\n<td valign=\"top\"><\/td>\n<\/tr>\n<\/tbody>\n<\/table>\n<\/td>\n<\/tr>\n<\/tbody>\n<\/table>\n","protected":false},"excerpt":{"rendered":"<p>Bursprake von 1502 (Verhaltensvorschrift f\u00fcr die B\u00fcrger) Der u.a. Reifbecher wird auf das Jahr 1498 (ca) datiert und ist somit einer der \u00e4ltesten Silberbecher aus dem Silberschatz. Es ist wahrscheinlich eine L\u00fcbecker Arbeit. Evtl. ist er auch eine Stiftung f\u00fcr <a class=\"more-link\" href=\"https:\/\/neustaedter-schuetzengilde.de\/schuetzengilde_r\/bursprake-von-1502\/\">weiterlesen&#8230;<\/a><\/p>\n","protected":false},"author":4,"featured_media":0,"parent":0,"menu_order":0,"comment_status":"closed","ping_status":"closed","template":"","meta":{"footnotes":""},"class_list":["post-1416","page","type-page","status-publish","hentry"],"rttpg_featured_image_url":null,"rttpg_author":{"display_name":"Hartmut von Halle","author_link":"https:\/\/neustaedter-schuetzengilde.de\/schuetzengilde_r\/author\/hvh\/"},"rttpg_comment":0,"rttpg_category":null,"rttpg_excerpt":"Bursprake von 1502 (Verhaltensvorschrift f\u00fcr die B\u00fcrger) Der u.a. Reifbecher wird auf das Jahr 1498 (ca) datiert und ist somit einer der \u00e4ltesten Silberbecher aus dem Silberschatz. Es ist wahrscheinlich eine L\u00fcbecker Arbeit. Evtl. ist er auch eine Stiftung f\u00fcr weiterlesen...","_links":{"self":[{"href":"https:\/\/neustaedter-schuetzengilde.de\/schuetzengilde_r\/wp-json\/wp\/v2\/pages\/1416","targetHints":{"allow":["GET"]}}],"collection":[{"href":"https:\/\/neustaedter-schuetzengilde.de\/schuetzengilde_r\/wp-json\/wp\/v2\/pages"}],"about":[{"href":"https:\/\/neustaedter-schuetzengilde.de\/schuetzengilde_r\/wp-json\/wp\/v2\/types\/page"}],"author":[{"embeddable":true,"href":"https:\/\/neustaedter-schuetzengilde.de\/schuetzengilde_r\/wp-json\/wp\/v2\/users\/4"}],"replies":[{"embeddable":true,"href":"https:\/\/neustaedter-schuetzengilde.de\/schuetzengilde_r\/wp-json\/wp\/v2\/comments?post=1416"}],"version-history":[{"count":1,"href":"https:\/\/neustaedter-schuetzengilde.de\/schuetzengilde_r\/wp-json\/wp\/v2\/pages\/1416\/revisions"}],"predecessor-version":[{"id":1418,"href":"https:\/\/neustaedter-schuetzengilde.de\/schuetzengilde_r\/wp-json\/wp\/v2\/pages\/1416\/revisions\/1418"}],"wp:attachment":[{"href":"https:\/\/neustaedter-schuetzengilde.de\/schuetzengilde_r\/wp-json\/wp\/v2\/media?parent=1416"}],"curies":[{"name":"wp","href":"https:\/\/api.w.org\/{rel}","templated":true}]}}