{"id":275,"date":"2017-06-20T14:42:34","date_gmt":"2017-06-20T12:42:34","guid":{"rendered":"http:\/\/neustaedter-schuetzengilde.de\/schuetzengilde_r\/?page_id=275"},"modified":"2024-06-04T15:18:02","modified_gmt":"2024-06-04T13:18:02","slug":"gildeleben","status":"publish","type":"page","link":"https:\/\/neustaedter-schuetzengilde.de\/schuetzengilde_r\/gildeleben\/","title":{"rendered":"Gildeleben"},"content":{"rendered":"<h3><span style=\"color: #000000;\"><strong>\u00dcbersicht<\/strong><\/span><\/h3>\n<table border=\"0\" width=\"100%\" cellspacing=\"4\" cellpadding=\"2\">\n<tbody>\n<tr>\n<td class=\"rahmen_aussen\"><\/td>\n<\/tr>\n<tr>\n<td class=\"rahmen_aussen\"><span style=\"color: #000000;\"><a href=\"https:\/\/neustaedter-schuetzengilde.de\/Gildechronik_1994_red.pdf\" target=\"_blank\" rel=\"noopener\" name=\"link002blk_block01__20\"><span style=\"color: #000000;\">Die Chronik &#8211; KLICKEN<\/span> <span style=\"color: #000000;\">zum Download einer PDF-Datei<\/span><\/a><\/span><\/td>\n<\/tr>\n<tr>\n<td class=\"rahmen_aussen\"><span style=\"color: #000000;\"><a title=\"Vom Gildewesen\" href=\"https:\/\/neustaedter-schuetzengilde.de\/schuetzengilde_r\/vom-gildewesen\/\" name=\"link002blk_block01__7\"><span style=\"color: #000000;\">Vom<\/span> <span style=\"color: #000000;\">Gildewesen<\/span><\/a><\/span><\/td>\n<\/tr>\n<tr>\n<td class=\"rahmen_aussen\"><a href=\"https:\/\/neustaedter-schuetzengilde.de\/schuetzengilde_r\/aktivitaeten-der-gilde\/\" name=\"link002blk_block01__19\"><span style=\"color: #000000;\">Aktivit\u00e4ten der Gilde<\/span><\/a><\/td>\n<\/tr>\n<tr>\n<td class=\"rahmen_aussen\"><span style=\"color: #000000;\"><a href=\"https:\/\/neustaedter-schuetzengilde.de\/schuetzengilde_r\/sportliches-schiessen-in-der-gilde\/\" name=\"link002blk_block01__11\"><span style=\"color: #000000;\">Sportliches Schie\u00dfen in der Gilde<\/span><\/a><\/span><\/td>\n<\/tr>\n<tr>\n<td class=\"rahmen_aussen\"><span style=\"color: #000000;\"><a title=\"Von den Urspr\u00fcngen des Vogelschie\u00dfens\" href=\"https:\/\/neustaedter-schuetzengilde.de\/schuetzengilde_r\/von-den-urspruengen-des-vogelschiessens\/\" name=\"link002blk_block01__9\"><span style=\"color: #000000;\">Von den Urspr\u00fcngen des<\/span> <span style=\"color: #000000;\">Vogelschie\u00dfens<\/span><\/a><\/span><\/td>\n<\/tr>\n<tr>\n<td class=\"rahmen_aussen\"><a title=\"\u00c4ltere Nachrichten vom Vogelschie\u00dfen in Neustadt in Holstein\" href=\"https:\/\/neustaedter-schuetzengilde.de\/schuetzengilde_r\/aeltere-nachrichten-vom-vogelschiessen-in-neustadt-i\/\" target=\"_blank\" rel=\"noopener\" name=\"link002blk_block01__10\"><span style=\"color: #000000;\">\u00c4ltere Nachrichten vom Vogelschie\u00dfen in Neustadt in Holstein<\/span><\/a><\/td>\n<\/tr>\n<tr>\n<td class=\"rahmen_aussen\"><a href=\"https:\/\/neustaedter-schuetzengilde.de\/schuetzengilde_r\/tradition-im-wandel\/\" name=\"link002blk_block01__13\"><span style=\"color: #000000;\">Tradition im Wandel<\/span><\/a><\/td>\n<\/tr>\n<tr>\n<td class=\"rahmen_aussen\"><a title=\"Unsere Stadtkirche\" href=\"https:\/\/neustaedter-schuetzengilde.de\/schuetzengilde_r\/928-2\/\" name=\"link002blk_block01__2\"><span style=\"color: #000000;\">Unsere Stadtkirche<\/span><\/a><\/td>\n<\/tr>\n<tr>\n<td class=\"rahmen_aussen\"><a title=\"Hospital zum Heiligen Geist\" href=\"https:\/\/neustaedter-schuetzengilde.de\/schuetzengilde_r\/hospital-zum-heiligen-geist\/\" name=\"link002blk_block01__3\"><span style=\"color: #000000;\">Hospital zum Heiligen Geist<\/span><\/a><\/td>\n<\/tr>\n<tr>\n<td class=\"rahmen_aussen\"><a title=\"St. J\u00fcrgen Hospital\" href=\"https:\/\/neustaedter-schuetzengilde.de\/schuetzengilde_r\/st-juergen-hospital\/\" name=\"link002blk_block01__4\"><span style=\"color: #000000;\">St. J\u00fcrgen Hospital<\/span><\/a><\/td>\n<\/tr>\n<tr>\n<td class=\"rahmen_aussen\"><span style=\"color: #000000;\"><a title=\"Das Kirchspiel Altenkrempe beim Abschlu\u00df der Wiederbesiedlung\" href=\"https:\/\/neustaedter-schuetzengilde.de\/schuetzengilde_r\/das-kirchspiel-altenkrempe\/\" name=\"link002blk_block01__1\"><span style=\"color: #000000;\">Das Kirchspiel Altenkrempe<\/span> <span style=\"color: #000000;\">beim Abschlu\u00df der Wiederbesiedlung<\/span><\/a><\/span><\/td>\n<\/tr>\n<tr>\n<td class=\"rahmen_aussen\"><span style=\"color: #000000;\"><a title=\"\u00c4ltere Nachrichten \u00fcber das Neust\u00e4dter Stadtgeschehen\" href=\"https:\/\/neustaedter-schuetzengilde.de\/schuetzengilde_r\/aeltere-nachrichten-ueber-das-stadtgeschehen\/\" name=\"link002blk_block01__5\"><span style=\"color: #000000;\">\u00c4ltere Nachrichten \u00fcber das Neust\u00e4dter Stadtgeschehen<\/span><\/a><\/span><\/td>\n<\/tr>\n<tr>\n<td class=\"rahmen_aussen\"><span style=\"color: #000000;\"><a title=\"Bursprake von 1502\" href=\"https:\/\/neustaedter-schuetzengilde.de\/schuetzengilde_r\/bursprake-von-1502\/\" name=\"link002blk_block01__6\"><span style=\"color: #000000;\">Bursprake<\/span> <span style=\"color: #000000;\">von 1502<\/span><\/a><\/span><\/td>\n<\/tr>\n<tr>\n<td class=\"rahmen_aussen\"><a href=\"https:\/\/neustaedter-schuetzengilde.de\/schuetzengilde_r\/jacob-lienau-2\/\"><span style=\"color: #000000;\">Jacob Lienau<\/span><\/a><\/td>\n<\/tr>\n<tr>\n<td class=\"rahmen_aussen\"><a href=\"https:\/\/neustaedter-schuetzengilde.de\/schuetzengilde_r\/jacob-lienau-gedenkstein\/\" name=\"link002blk_block01__16\"><span style=\"color: #000000;\">Jacob Lienau &#8211; Gedenkstein<\/span><\/a><\/td>\n<\/tr>\n<tr>\n<td class=\"rahmen_aussen\"><a href=\"https:\/\/neustaedter-schuetzengilde.de\/schuetzengilde_r\/grosser-zapfenstreich\/\" name=\"link002blk_block01__18\"><span style=\"color: #000000;\">Gro\u00dfer Zapfenstreich<\/span><\/a><\/td>\n<\/tr>\n<tr>\n<td class=\"rahmen_aussen\"><a title=\"Silberbecher\" href=\"https:\/\/www.neustaedter-schuetzengilde.de\/\/schuetzengilde_r\/silberbecher\" target=\"_self\" name=\"link002blk_block01__8\" rel=\"noopener\"><span style=\"color: #000000;\">Silberbecher<\/span><\/a><\/td>\n<\/tr>\n<tr>\n<td class=\"rahmen_aussen\"><\/td>\n<\/tr>\n<tr>\n<td class=\"rahmen_aussen\"><strong><span style=\"color: #008000;\">Wir danken unserem Ehren\u00e4ltermann Johannes Hugo Koch, der in jahrzehntelanger Arbeit die Geschichte der Stadt Neustadt und der Neust\u00e4dter Sch\u00fctzengilde aufgearbeitet hat.<\/span><\/strong><\/td>\n<\/tr>\n<\/tbody>\n<\/table>\n","protected":false},"excerpt":{"rendered":"<p>\u00dcbersicht Die Chronik &#8211; KLICKEN zum Download einer PDF-Datei Vom Gildewesen Aktivit\u00e4ten der Gilde Sportliches Schie\u00dfen in der Gilde Von den Urspr\u00fcngen des Vogelschie\u00dfens \u00c4ltere Nachrichten vom Vogelschie\u00dfen in Neustadt in Holstein Tradition im Wandel Unsere Stadtkirche Hospital zum Heiligen <a class=\"more-link\" href=\"https:\/\/neustaedter-schuetzengilde.de\/schuetzengilde_r\/gildeleben\/\">weiterlesen&#8230;<\/a><\/p>\n","protected":false},"author":1,"featured_media":0,"parent":0,"menu_order":0,"comment_status":"closed","ping_status":"closed","template":"","meta":{"footnotes":""},"class_list":["post-275","page","type-page","status-publish","hentry"],"rttpg_featured_image_url":null,"rttpg_author":{"display_name":"admin","author_link":"https:\/\/neustaedter-schuetzengilde.de\/schuetzengilde_r\/author\/admin\/"},"rttpg_comment":0,"rttpg_category":null,"rttpg_excerpt":"\u00dcbersicht Die Chronik &#8211; KLICKEN zum Download einer PDF-Datei Vom Gildewesen Aktivit\u00e4ten der Gilde Sportliches Schie\u00dfen in der Gilde Von den Urspr\u00fcngen des Vogelschie\u00dfens \u00c4ltere Nachrichten vom Vogelschie\u00dfen in Neustadt in Holstein Tradition im Wandel Unsere Stadtkirche Hospital zum Heiligen weiterlesen...","_links":{"self":[{"href":"https:\/\/neustaedter-schuetzengilde.de\/schuetzengilde_r\/wp-json\/wp\/v2\/pages\/275","targetHints":{"allow":["GET"]}}],"collection":[{"href":"https:\/\/neustaedter-schuetzengilde.de\/schuetzengilde_r\/wp-json\/wp\/v2\/pages"}],"about":[{"href":"https:\/\/neustaedter-schuetzengilde.de\/schuetzengilde_r\/wp-json\/wp\/v2\/types\/page"}],"author":[{"embeddable":true,"href":"https:\/\/neustaedter-schuetzengilde.de\/schuetzengilde_r\/wp-json\/wp\/v2\/users\/1"}],"replies":[{"embeddable":true,"href":"https:\/\/neustaedter-schuetzengilde.de\/schuetzengilde_r\/wp-json\/wp\/v2\/comments?post=275"}],"version-history":[{"count":33,"href":"https:\/\/neustaedter-schuetzengilde.de\/schuetzengilde_r\/wp-json\/wp\/v2\/pages\/275\/revisions"}],"predecessor-version":[{"id":3226,"href":"https:\/\/neustaedter-schuetzengilde.de\/schuetzengilde_r\/wp-json\/wp\/v2\/pages\/275\/revisions\/3226"}],"wp:attachment":[{"href":"https:\/\/neustaedter-schuetzengilde.de\/schuetzengilde_r\/wp-json\/wp\/v2\/media?parent=275"}],"curies":[{"name":"wp","href":"https:\/\/api.w.org\/{rel}","templated":true}]}}