{"id":280,"date":"2017-06-20T14:46:50","date_gmt":"2017-06-20T12:46:50","guid":{"rendered":"http:\/\/neustaedter-schuetzengilde.de\/schuetzengilde_r\/?page_id=280"},"modified":"2025-07-22T11:29:28","modified_gmt":"2025-07-22T09:29:28","slug":"koenige","status":"publish","type":"page","link":"https:\/\/neustaedter-schuetzengilde.de\/schuetzengilde_r\/koenige\/","title":{"rendered":"K\u00f6nige"},"content":{"rendered":"<h4><a href=\"https:\/\/neustaedter-schuetzengilde.de\/schuetzengilde_r\/koenige\/koenige-der-neustaedter-schuetzengilde-soweit-bekannt\/\"><strong><span style=\"color: #000000;\">Alle K\u00f6nige der Neust\u00e4dter Sch\u00fctzengilde (soweit bekannt) &#8230;<\/span><\/strong><\/a><\/h4>\n<h4><strong><a href=\"https:\/\/neustaedter-schuetzengilde.de\/schuetzengilde_r\/aktuelles-2\/stahlvogel-koenige\/\"><span style=\"color: #008000;\"><span style=\"color: #000000;\">Die Stahlvogel-K\u00f6nige ..<\/span><\/span><span style=\"color: #000000;\">.<\/span><\/a><br \/><\/strong><\/h4>\n<h2 style=\"text-align: center;\"><span style=\"color: #008000;\"><strong>Der K\u00f6nig 2025<\/strong><\/span><\/h2>\n<h1 style=\"text-align: center;\">Benedikt Steiner<\/h1>\n\n\n<figure class=\"wp-block-image size-large\"><img loading=\"lazy\" decoding=\"async\" width=\"1024\" height=\"650\" src=\"https:\/\/neustaedter-schuetzengilde.de\/schuetzengilde_r\/wp-content\/uploads\/2025\/07\/Bildschirmfoto-2025-07-22-um-11.27.12-1024x650.jpg\" alt=\"\" class=\"wp-image-3309\" srcset=\"https:\/\/neustaedter-schuetzengilde.de\/schuetzengilde_r\/wp-content\/uploads\/2025\/07\/Bildschirmfoto-2025-07-22-um-11.27.12-1024x650.jpg 1024w, https:\/\/neustaedter-schuetzengilde.de\/schuetzengilde_r\/wp-content\/uploads\/2025\/07\/Bildschirmfoto-2025-07-22-um-11.27.12-300x190.jpg 300w, https:\/\/neustaedter-schuetzengilde.de\/schuetzengilde_r\/wp-content\/uploads\/2025\/07\/Bildschirmfoto-2025-07-22-um-11.27.12-768x487.jpg 768w, https:\/\/neustaedter-schuetzengilde.de\/schuetzengilde_r\/wp-content\/uploads\/2025\/07\/Bildschirmfoto-2025-07-22-um-11.27.12-1536x975.jpg 1536w, https:\/\/neustaedter-schuetzengilde.de\/schuetzengilde_r\/wp-content\/uploads\/2025\/07\/Bildschirmfoto-2025-07-22-um-11.27.12-2048x1299.jpg 2048w\" sizes=\"auto, (max-width: 1024px) 100vw, 1024px\" \/><figcaption class=\"wp-element-caption\">Benedikt Steiner (Mi.) direkt nach dem Treffer.<br>BIld: Gesche Muchow<\/figcaption><\/figure>\n","protected":false},"excerpt":{"rendered":"<p>Alle K\u00f6nige der Neust\u00e4dter Sch\u00fctzengilde (soweit bekannt) &#8230; Die Stahlvogel-K\u00f6nige &#8230; Der K\u00f6nig 2025 Benedikt Steiner<\/p>\n","protected":false},"author":1,"featured_media":1834,"parent":0,"menu_order":0,"comment_status":"closed","ping_status":"closed","template":"","meta":{"footnotes":""},"class_list":["post-280","page","type-page","status-publish","has-post-thumbnail","hentry"],"rttpg_featured_image_url":{"full":["https:\/\/neustaedter-schuetzengilde.de\/schuetzengilde_r\/wp-content\/uploads\/2018\/06\/IMG_2964.jpg",3264,2448,false],"landscape":["https:\/\/neustaedter-schuetzengilde.de\/schuetzengilde_r\/wp-content\/uploads\/2018\/06\/IMG_2964.jpg",3264,2448,false],"portraits":["https:\/\/neustaedter-schuetzengilde.de\/schuetzengilde_r\/wp-content\/uploads\/2018\/06\/IMG_2964.jpg",3264,2448,false],"thumbnail":["https:\/\/neustaedter-schuetzengilde.de\/schuetzengilde_r\/wp-content\/uploads\/2018\/06\/IMG_2964-150x150.jpg",150,150,true],"medium":["https:\/\/neustaedter-schuetzengilde.de\/schuetzengilde_r\/wp-content\/uploads\/2018\/06\/IMG_2964-300x225.jpg",300,225,true],"large":["https:\/\/neustaedter-schuetzengilde.de\/schuetzengilde_r\/wp-content\/uploads\/2018\/06\/IMG_2964-1024x768.jpg",780,585,true],"1536x1536":["https:\/\/neustaedter-schuetzengilde.de\/schuetzengilde_r\/wp-content\/uploads\/2018\/06\/IMG_2964.jpg",1536,1152,false],"2048x2048":["https:\/\/neustaedter-schuetzengilde.de\/schuetzengilde_r\/wp-content\/uploads\/2018\/06\/IMG_2964.jpg",2048,1536,false],"thumb_size_popular":["https:\/\/neustaedter-schuetzengilde.de\/schuetzengilde_r\/wp-content\/uploads\/2018\/06\/IMG_2964.jpg",80,60,false],"thumb_size_latest":["https:\/\/neustaedter-schuetzengilde.de\/schuetzengilde_r\/wp-content\/uploads\/2018\/06\/IMG_2964.jpg",200,150,false],"thumb_size_related":["https:\/\/neustaedter-schuetzengilde.de\/schuetzengilde_r\/wp-content\/uploads\/2018\/06\/IMG_2964.jpg",80,60,false],"thumb_size_featured":["https:\/\/neustaedter-schuetzengilde.de\/schuetzengilde_r\/wp-content\/uploads\/2018\/06\/IMG_2964.jpg",80,60,false],"catchresponsive-slider":["https:\/\/neustaedter-schuetzengilde.de\/schuetzengilde_r\/wp-content\/uploads\/2018\/06\/IMG_2964-1200x514.jpg",1200,514,true],"catchresponsive-featured-content":["https:\/\/neustaedter-schuetzengilde.de\/schuetzengilde_r\/wp-content\/uploads\/2018\/06\/IMG_2964-350x197.jpg",350,197,true],"catchresponsive-hero":["https:\/\/neustaedter-schuetzengilde.de\/schuetzengilde_r\/wp-content\/uploads\/2018\/06\/IMG_2964.jpg",396,297,false],"catchresponsive-featured":["https:\/\/neustaedter-schuetzengilde.de\/schuetzengilde_r\/wp-content\/uploads\/2018\/06\/IMG_2964-860x484.jpg",860,484,true],"catchresponsive-square":["https:\/\/neustaedter-schuetzengilde.de\/schuetzengilde_r\/wp-content\/uploads\/2018\/06\/IMG_2964-200x200.jpg",200,200,true],"catchresponsive-sm-square":["https:\/\/neustaedter-schuetzengilde.de\/schuetzengilde_r\/wp-content\/uploads\/2018\/06\/IMG_2964.jpg",100,75,false],"catchresponsive-stats":["https:\/\/neustaedter-schuetzengilde.de\/schuetzengilde_r\/wp-content\/uploads\/2018\/06\/IMG_2964.jpg",40,30,false],"popular-post-featured-image":["https:\/\/neustaedter-schuetzengilde.de\/schuetzengilde_r\/wp-content\/uploads\/2018\/06\/IMG_2964.jpg",60,45,false]},"rttpg_author":{"display_name":"admin","author_link":"https:\/\/neustaedter-schuetzengilde.de\/schuetzengilde_r\/author\/admin\/"},"rttpg_comment":0,"rttpg_category":null,"rttpg_excerpt":"Alle K\u00f6nige der Neust\u00e4dter Sch\u00fctzengilde (soweit bekannt) &#8230; Die Stahlvogel-K\u00f6nige ... Der K\u00f6nig 2025 Benedikt Steiner","_links":{"self":[{"href":"https:\/\/neustaedter-schuetzengilde.de\/schuetzengilde_r\/wp-json\/wp\/v2\/pages\/280","targetHints":{"allow":["GET"]}}],"collection":[{"href":"https:\/\/neustaedter-schuetzengilde.de\/schuetzengilde_r\/wp-json\/wp\/v2\/pages"}],"about":[{"href":"https:\/\/neustaedter-schuetzengilde.de\/schuetzengilde_r\/wp-json\/wp\/v2\/types\/page"}],"author":[{"embeddable":true,"href":"https:\/\/neustaedter-schuetzengilde.de\/schuetzengilde_r\/wp-json\/wp\/v2\/users\/1"}],"replies":[{"embeddable":true,"href":"https:\/\/neustaedter-schuetzengilde.de\/schuetzengilde_r\/wp-json\/wp\/v2\/comments?post=280"}],"version-history":[{"count":39,"href":"https:\/\/neustaedter-schuetzengilde.de\/schuetzengilde_r\/wp-json\/wp\/v2\/pages\/280\/revisions"}],"predecessor-version":[{"id":3312,"href":"https:\/\/neustaedter-schuetzengilde.de\/schuetzengilde_r\/wp-json\/wp\/v2\/pages\/280\/revisions\/3312"}],"wp:featuredmedia":[{"embeddable":true,"href":"https:\/\/neustaedter-schuetzengilde.de\/schuetzengilde_r\/wp-json\/wp\/v2\/media\/1834"}],"wp:attachment":[{"href":"https:\/\/neustaedter-schuetzengilde.de\/schuetzengilde_r\/wp-json\/wp\/v2\/media?parent=280"}],"curies":[{"name":"wp","href":"https:\/\/api.w.org\/{rel}","templated":true}]}}