{"id":282,"date":"2017-06-20T14:48:28","date_gmt":"2017-06-20T12:48:28","guid":{"rendered":"http:\/\/neustaedter-schuetzengilde.de\/schuetzengilde_r\/?page_id=282"},"modified":"2024-01-22T12:04:48","modified_gmt":"2024-01-22T11:04:48","slug":"offiziere","status":"publish","type":"page","link":"https:\/\/neustaedter-schuetzengilde.de\/schuetzengilde_r\/offiziere\/","title":{"rendered":"Offiziere"},"content":{"rendered":"<h4><span style=\"font-size: small;\"><span style=\"font-family: arial,helvetica,sans-serif;\"><img loading=\"lazy\" decoding=\"async\" class=\"alignnone wp-image-1248 size-large\" src=\"https:\/\/neustaedter-schuetzengilde.de\/schuetzengilde_r\/wp-content\/uploads\/2017\/06\/Offiziere_2014_rgb-1024x427.jpg\" alt=\"\" width=\"780\" height=\"325\" srcset=\"https:\/\/neustaedter-schuetzengilde.de\/schuetzengilde_r\/wp-content\/uploads\/2017\/06\/Offiziere_2014_rgb-1024x427.jpg 1024w, https:\/\/neustaedter-schuetzengilde.de\/schuetzengilde_r\/wp-content\/uploads\/2017\/06\/Offiziere_2014_rgb-300x125.jpg 300w, https:\/\/neustaedter-schuetzengilde.de\/schuetzengilde_r\/wp-content\/uploads\/2017\/06\/Offiziere_2014_rgb-768x320.jpg 768w\" sizes=\"auto, (max-width: 780px) 100vw, 780px\" \/><\/span><\/span><\/h4>\n<p>Im Bild von Links nach Rechts: Hptm. Dietrich zum Felde, Hptm. d. R. J\u00fcrgen Krug, Hptm. Sven G\u00f6sch, Major d. R. G\u00fcnter Schulz, Lt. Volker Haensel, Lt. Ole Kassner, Major d. R. Heinrich Evers, Hptm. Dieter Langebeck, Lt. Thomas Knop, Kommandeur Major Detlef Scheel, Lt. Burkhart Niedrich, Hptm. Claus zum Felde, Lt. Andreas Schuldt, Hptm. Klaus Geffken, Hptm. d. R. Andreas Hansen,, Hptm. Johannes Faast, Hptm. d. R. Friedolin B\u00fcttner<br \/>\nEs fehlen: Oberst d. R. J\u00fcrgen K\u00f6ppe, Hptm. d. R. G\u00fcnter Schmidt, Lt. J\u00f6rg Guttau, Lt. d. R. Johann Hinrich Koch<\/p>\n<h3><strong><br \/>\n<\/strong><span style=\"color: #008000;\"><strong>Offizierskorps der Neust\u00e4dter Sch\u00fctzengilde<\/strong><\/span><\/h3>\n<p>Oberst Detlef Scheel \u2013 Kommandeur<br \/>\nHauptmann Dieter Langebeck \u2013 Adjutant, stellv. Kommandeur<\/p>\n<p>Hauptmann Thomas Knop \u2013 Quartiershauptmann 1. Quartier<br \/>\nLeutnant Marko Doose \u2013 Quartiersleutnant 1. Quartier<\/p>\n<p>Hauptmann Andreas Schuldt \u2013 Quartiershauptmann 2. Quartier<br \/>\nLeutnant Holger Pinkert \u2013 Quartiersleutnant 2. Quartier<\/p>\n<p>Hauptmann Klaus Geffken \u2013 Quartiershauptmann 3. Quartier<br \/>\nLeutnant Ole Kassner \u2013 Quartiersleutnant 3. Quartier<\/p>\n<p>Hauptmann Johannes Faast \u2013 Hauptsch\u00fctzenmeister, Sicherheitsoffizier, B\u00f6llerkommandant<br \/>\nLeutnant Erwin Fuchs \u2013 stellv. Hauptsch\u00fctzenmeister<\/p>\n<p>Hauptmann Sven G\u00f6sch \u2013 Hauptschie\u00dfwart<br \/>\nLeutnant Florian Platz \u2013 stellv. Hauptschie\u00dfwart, stellv. B\u00f6llerkommandant<\/p>\n<p>Leutnant Mathias Gregor \u2013 stellv. Sicherheitsoffizier<\/p>\n<p><span style=\"color: #008000;\"><strong>Reserveoffiziere<\/strong><\/span><br \/>\nOberst d.R. J\u00fcrgen K\u00f6ppe \u2013 ehem. Kommandeur, Major d.R. G\u00fcnter Schulz \u2013 ehem. Kommandeur, Major d.R. Heinrich Evers \u2013 ehem. Sicherheitsoffizier und stellv. Kommandeur, Hauptmann d.R. G\u00fcnter Schmidt \u2013 ehem. Quartiershauptmann, Hauptmann d.R. Peter Schultz \u2013 ehem. Quartiershauptmann, Hauptmann d.R. Andreas Hansen \u2013 ehem. Hauptsch\u00fctzenmeister, Hauptmann d.R. Fridolin B\u00fcttner \u2013 ehem. Hauptschie\u00dfwart, Hauptmann d.R. J\u00fcrgen Krug \u2013 ehem. Hauptschie\u00dfwart, Hauptmann d.R. Dietrich zum Felde \u2013 ehem. Sicherheitsoffizier und stellv. Kommandeur, Hauptmann d.R. Claus zum Felde \u2013 ehem. Quartiershauptmann, Leutnant d.R. Heinz Kassner \u2013 ehem. stellv. Hauptsch\u00fctzenmeister, Leutnant d.R. Volker Haensel \u2013 ehem. stellv. Sicherheitsoffizier, Leutnant d.R. Johann Hinrich Koch \u2013 ehem. Sch\u00fctzenmeister, Leutnant d.R. J\u00f6rg Guttau \u2013 ehem. stellv. Hauptsch\u00fctzenmeister<\/p>\n","protected":false},"excerpt":{"rendered":"<p>Im Bild von Links nach Rechts: Hptm. Dietrich zum Felde, Hptm. d. R. J\u00fcrgen Krug, Hptm. Sven G\u00f6sch, Major d. R. G\u00fcnter Schulz, Lt. Volker Haensel, Lt. Ole Kassner, Major d. R. Heinrich Evers, Hptm. Dieter Langebeck, Lt. Thomas Knop, <a class=\"more-link\" href=\"https:\/\/neustaedter-schuetzengilde.de\/schuetzengilde_r\/offiziere\/\">weiterlesen&#8230;<\/a><\/p>\n","protected":false},"author":1,"featured_media":0,"parent":0,"menu_order":0,"comment_status":"closed","ping_status":"closed","template":"","meta":{"footnotes":""},"class_list":["post-282","page","type-page","status-publish","hentry"],"rttpg_featured_image_url":null,"rttpg_author":{"display_name":"admin","author_link":"https:\/\/neustaedter-schuetzengilde.de\/schuetzengilde_r\/author\/admin\/"},"rttpg_comment":0,"rttpg_category":null,"rttpg_excerpt":"Im Bild von Links nach Rechts: Hptm. Dietrich zum Felde, Hptm. d. R. J\u00fcrgen Krug, Hptm. Sven G\u00f6sch, Major d. R. G\u00fcnter Schulz, Lt. Volker Haensel, Lt. Ole Kassner, Major d. R. Heinrich Evers, Hptm. Dieter Langebeck, Lt. Thomas Knop, weiterlesen...","_links":{"self":[{"href":"https:\/\/neustaedter-schuetzengilde.de\/schuetzengilde_r\/wp-json\/wp\/v2\/pages\/282","targetHints":{"allow":["GET"]}}],"collection":[{"href":"https:\/\/neustaedter-schuetzengilde.de\/schuetzengilde_r\/wp-json\/wp\/v2\/pages"}],"about":[{"href":"https:\/\/neustaedter-schuetzengilde.de\/schuetzengilde_r\/wp-json\/wp\/v2\/types\/page"}],"author":[{"embeddable":true,"href":"https:\/\/neustaedter-schuetzengilde.de\/schuetzengilde_r\/wp-json\/wp\/v2\/users\/1"}],"replies":[{"embeddable":true,"href":"https:\/\/neustaedter-schuetzengilde.de\/schuetzengilde_r\/wp-json\/wp\/v2\/comments?post=282"}],"version-history":[{"count":29,"href":"https:\/\/neustaedter-schuetzengilde.de\/schuetzengilde_r\/wp-json\/wp\/v2\/pages\/282\/revisions"}],"predecessor-version":[{"id":3169,"href":"https:\/\/neustaedter-schuetzengilde.de\/schuetzengilde_r\/wp-json\/wp\/v2\/pages\/282\/revisions\/3169"}],"wp:attachment":[{"href":"https:\/\/neustaedter-schuetzengilde.de\/schuetzengilde_r\/wp-json\/wp\/v2\/media?parent=282"}],"curies":[{"name":"wp","href":"https:\/\/api.w.org\/{rel}","templated":true}]}}