{"id":288,"date":"2017-06-20T14:54:11","date_gmt":"2017-06-20T12:54:11","guid":{"rendered":"http:\/\/neustaedter-schuetzengilde.de\/schuetzengilde_r\/?page_id=288"},"modified":"2026-03-10T12:00:04","modified_gmt":"2026-03-10T11:00:04","slug":"impressum","status":"publish","type":"page","link":"https:\/\/neustaedter-schuetzengilde.de\/schuetzengilde_r\/impressum\/","title":{"rendered":"Impressum"},"content":{"rendered":"<div class=\"contentmitte\"><span style=\"font-size: medium;\"><strong>Vorstand der Neust\u00e4dter Sch\u00fctzengilde:<\/strong><\/span><span style=\"font-family: georgia,times new roman,times,serif; font-size: small;\"><br \/><span style=\"font-family: arial,helvetica,sans-serif; font-size: medium;\">1. \u00c4ltermann <span data-olk-copy-source=\"MessageBody\">Detlef Scheel <\/span> &#8211; <\/span><\/span><span style=\"font-family: georgia,times new roman,times,serif; font-size: small;\"><span style=\"font-family: arial,helvetica,sans-serif; font-size: medium;\"><a href=\"aeltermann@neustaedter-schuetzengilde.de\" target=\"_blank\" rel=\"noopener noreferrer\">E-Mail_1.\u00c4ltermann<\/a><br \/>2. \u00c4ltermann Nils Hilbert<\/span><\/span><span style=\"font-family: georgia,times new roman,times,serif; font-size: small;\"><span style=\"font-family: arial,helvetica,sans-serif; font-size: medium;\"> &#8211; <\/span><\/span><span style=\"font-family: georgia,times new roman,times,serif; font-size: small;\"><span style=\"font-family: arial,helvetica,sans-serif; font-size: medium;\"><a href=\"mailto:nils.hilbert@freenet.de\" target=\"_blank\" rel=\"noopener noreferrer\">E-Mail_2.\u00c4ltermann<\/a><\/span><\/span><span style=\"font-size: medium;\"><span style=\"font-family: georgia,times new roman,times,serif;\"><span style=\"font-family: arial,helvetica,sans-serif;\"><br \/>Rechnungsf\u00fchrer Nils Hilbert<\/span><\/span><\/span><span style=\"font-size: medium;\"><span style=\"font-family: georgia,times new roman,times,serif;\"><span style=\"font-family: arial,helvetica,sans-serif;\"><span style=\"font-family: georgia,times new roman,times,serif; font-size: small;\"><span style=\"font-family: arial,helvetica,sans-serif; font-size: medium;\">\u00a0&#8211; <\/span><\/span><span style=\"font-family: georgia,times new roman,times,serif; font-size: small;\"><span style=\"font-family: arial,helvetica,sans-serif; font-size: medium;\"><a href=\"mailto:nils.hilbert@freenet.de\" target=\"_blank\" rel=\"noopener noreferrer\">E-Mail_Rechnungsf\u00fchrer<\/a><\/span><\/span><\/span><\/span><\/span><span style=\"font-size: medium;\"><span style=\"font-family: georgia,times new roman,times,serif;\"><span style=\"font-family: arial,helvetica,sans-serif;\"><span style=\"font-family: georgia,times new roman,times,serif; font-size: small;\"><span style=\"font-family: arial,helvetica,sans-serif; font-size: medium;\"><br \/><\/span><\/span>Grundst\u00fccksverwalter Benedikt Steiner<\/span><\/span><\/span><span style=\"font-size: medium;\"><span style=\"font-family: georgia,times new roman,times,serif;\"><span style=\"font-family: arial,helvetica,sans-serif;\"><span style=\"font-family: georgia,times new roman,times,serif; font-size: small;\"><span style=\"font-family: arial,helvetica,sans-serif; font-size: medium;\"> &#8211; <\/span><\/span><span style=\"font-family: georgia,times new roman,times,serif; font-size: small;\"><span style=\"font-family: arial,helvetica,sans-serif; font-size: medium;\"><a href=\"grundstuecksverwaltung@neustaedter-schuetzengilde.de\" target=\"_blank\" rel=\"noopener noreferrer\">E-Mail_Grundst\u00fccksverwalter<\/a><\/span><\/span><\/span><\/span><\/span><span style=\"font-size: medium;\"><span style=\"font-size: medium;\"><span style=\"font-family: georgia,times new roman,times,serif;\"><span style=\"font-family: arial,helvetica,sans-serif;\"><span style=\"font-family: georgia,times new roman,times,serif; font-size: small;\"><span style=\"font-family: arial,helvetica,sans-serif; font-size: medium;\"><br \/>Schriftf\u00fchrer Sebastian Wenzel &#8211; <a href=\"schriftfuehrer@neustaedter-schuetzengilde.de\" target=\"_blank\" rel=\"noopener noreferrer\">E-Mail_Schriftf\u00fchrer<\/a><\/span><\/span><\/span><\/span><\/span><\/span><\/div>\n<div>\u00a0<\/div>\n<div class=\"contentmitte\"><span style=\"font-size: medium;\"><strong>Verantwortlich f\u00fcr den Inhalt:<\/strong><\/span><\/div>\n<div class=\"contentmitte\"><span style=\"font-family: arial, helvetica, sans-serif;\">Der \u00c4ltermann der Neust\u00e4dter Sch\u00fctzengilde e.V.<\/span><\/div>\n<div class=\"contentmitte\"><span data-olk-copy-source=\"MessageBody\">Detlef Scheel<\/span><\/div>\n<div class=\"contentmitte\"><span style=\"font-family: arial, helvetica, sans-serif;\">&#8211; dieser vertreten durch <span style=\"font-size: medium;\"><span style=\"font-family: georgia,times new roman,times,serif;\"><span style=\"font-family: arial,helvetica,sans-serif;\">Nils Hilbert<\/span><\/span><\/span> (2. \u00c4ltermann)<\/span><\/div>\n<div class=\"contentmitte\">\n<p><b>Anschrift:<br \/><\/b><span style=\"font-family: arial,helvetica,sans-serif;\"><span data-olk-copy-source=\"MessageBody\">Am Gogenkrog 20<\/span><br \/>23730 Neustadt in Holstein<\/span><b><\/b><\/p>\n<p><strong>Bankverbindungen:<\/strong><br \/>VR Bank Ostholstein Nord &#8211; IBAN: DE85 2139 0008 0000 0075 79 \u00a0| \u00a0BIC: GENODEF1NSH<br \/>Sparkasse Hol stein \u00a0 \u00a0 \u00a0 \u00a0 \u00a0 \u00a0&#8211;\u00a0IBAN: DE14 2135 2240 0181 4125 03 \u00a0| \u00a0BIC: NOLADE21HOL<\/p>\n<p><b>Satzung<\/b><br \/><a href=\"http:\/\/neustaedter-schuetzengilde.de\/schuetzengilde_r\/gilde-satzung-und-geschaeftsordnung\/\" target=\"_blank\" rel=\"noopener noreferrer\"><strong><span style=\"color: #008000;\">Satzung als PDF &#8211; zum Download bitte klicken<\/span><\/strong><\/a><\/p>\n<p><b>Gesch\u00e4ftsordnung<\/b><br \/><a href=\"http:\/\/neustaedter-schuetzengilde.de\/schuetzengilde_r\/gilde-satzung-und-geschaeftsordnung\/\" target=\"_blank\" rel=\"noopener noreferrer\"><span style=\"color: #008000;\"><strong>Gesch\u00e4ftsordnung als PDF &#8211; zum Download bitte klicken<\/strong><\/span><\/a><\/p>\n<p><strong><span style=\"color: #008000;\"><a href=\"http:\/\/neustaedter-schuetzengilde.de\/schuetzengilde_r\/kontakt\/\" target=\"_blank\" rel=\"noopener noreferrer\"><span style=\"color: #008000;\">E-Mail-Kontakt_Sch\u00fctzengilde<\/span><\/a><\/span><\/strong><br \/><span style=\"font-size: medium;\">Bitte klicken !<\/span><\/p>\n<p><strong>Haftung f\u00fcr Inhalte:<\/strong><br \/><span style=\"font-family: arial,helvetica,sans-serif;\">Die Informationen auf dieser Seite sind allgemeiner und informativer Art und stellen keine Rechtsberatung dar. Die Inhalte dieser Seiten werden mit gr\u00f6\u00dfter Sorgfalt erstellt. F\u00fcr Richtigkeit, Vollst\u00e4ndigkeit und Aktualit\u00e4t dieser Inhalte kann jedoch keine Haftung \u00fcbernommen werden. <\/span><span style=\"font-size: medium;\">Haftung f\u00fcr Links:<\/span><br \/><span style=\"font-family: arial,helvetica,sans-serif; font-size: medium;\">Trotz sorgf\u00e4ltiger inhaltlicher Kontrolle \u00fcbernehmen wir keine Haftung f\u00fcr die Inhalte externer Links. F\u00fcr den Inhalt der verlinkten Seiten sind ausschlie\u00dflich deren Betreiber verantwortlich.<\/span><\/p>\n<p>________________________________________________________________________________________________<\/p>\n<p><span style=\"font-size: medium;\"><strong>Installation und Bearbeitung:<\/strong><\/span><br \/><a href=\"http:\/\/www.der-reporter.de\" target=\"_blank\" rel=\"noopener noreferrer\">www.der-reporter.de<\/a><br \/>Balticum-Verlagsgesellschaft und Werbeagentur GmbH<br \/>Hochtorstra\u00dfe 19, 23730 Neustadt in Holstein<br \/>Phone: 0 45 61 \/ 51 70-0, Fax: 0 45 61 \/ 51 70-90<a href=\"http:\/\/www.balticum-verlag.de\" target=\"_blank\" rel=\"noopener noreferrer\"><br \/>http:\/\/www.balticum-verlag.de<\/a><\/p>\n<\/div>\n\n\n<p><\/p>\n","protected":false},"excerpt":{"rendered":"<p>Vorstand der Neust\u00e4dter Sch\u00fctzengilde:1. \u00c4ltermann Detlef Scheel &#8211; E-Mail_1.\u00c4ltermann2. \u00c4ltermann Nils Hilbert &#8211; E-Mail_2.\u00c4ltermannRechnungsf\u00fchrer Nils Hilbert\u00a0&#8211; E-Mail_Rechnungsf\u00fchrerGrundst\u00fccksverwalter Benedikt Steiner &#8211; E-Mail_Grundst\u00fccksverwalterSchriftf\u00fchrer Sebastian Wenzel &#8211; E-Mail_Schriftf\u00fchrer \u00a0 Verantwortlich f\u00fcr den Inhalt: Der \u00c4ltermann der Neust\u00e4dter Sch\u00fctzengilde e.V. Detlef Scheel &#8211; dieser <a class=\"more-link\" href=\"https:\/\/neustaedter-schuetzengilde.de\/schuetzengilde_r\/impressum\/\">weiterlesen&#8230;<\/a><\/p>\n","protected":false},"author":1,"featured_media":0,"parent":0,"menu_order":0,"comment_status":"closed","ping_status":"closed","template":"","meta":{"footnotes":""},"class_list":["post-288","page","type-page","status-publish","hentry"],"rttpg_featured_image_url":null,"rttpg_author":{"display_name":"admin","author_link":"https:\/\/neustaedter-schuetzengilde.de\/schuetzengilde_r\/author\/admin\/"},"rttpg_comment":0,"rttpg_category":null,"rttpg_excerpt":"Vorstand der Neust\u00e4dter Sch\u00fctzengilde:1. \u00c4ltermann Detlef Scheel &#8211; E-Mail_1.\u00c4ltermann2. \u00c4ltermann Nils Hilbert &#8211; E-Mail_2.\u00c4ltermannRechnungsf\u00fchrer Nils Hilbert\u00a0&#8211; E-Mail_Rechnungsf\u00fchrerGrundst\u00fccksverwalter Benedikt Steiner &#8211; E-Mail_Grundst\u00fccksverwalterSchriftf\u00fchrer Sebastian Wenzel &#8211; E-Mail_Schriftf\u00fchrer \u00a0 Verantwortlich f\u00fcr den Inhalt: Der \u00c4ltermann der Neust\u00e4dter Sch\u00fctzengilde e.V. Detlef Scheel &#8211; dieser weiterlesen...","_links":{"self":[{"href":"https:\/\/neustaedter-schuetzengilde.de\/schuetzengilde_r\/wp-json\/wp\/v2\/pages\/288","targetHints":{"allow":["GET"]}}],"collection":[{"href":"https:\/\/neustaedter-schuetzengilde.de\/schuetzengilde_r\/wp-json\/wp\/v2\/pages"}],"about":[{"href":"https:\/\/neustaedter-schuetzengilde.de\/schuetzengilde_r\/wp-json\/wp\/v2\/types\/page"}],"author":[{"embeddable":true,"href":"https:\/\/neustaedter-schuetzengilde.de\/schuetzengilde_r\/wp-json\/wp\/v2\/users\/1"}],"replies":[{"embeddable":true,"href":"https:\/\/neustaedter-schuetzengilde.de\/schuetzengilde_r\/wp-json\/wp\/v2\/comments?post=288"}],"version-history":[{"count":36,"href":"https:\/\/neustaedter-schuetzengilde.de\/schuetzengilde_r\/wp-json\/wp\/v2\/pages\/288\/revisions"}],"predecessor-version":[{"id":3355,"href":"https:\/\/neustaedter-schuetzengilde.de\/schuetzengilde_r\/wp-json\/wp\/v2\/pages\/288\/revisions\/3355"}],"wp:attachment":[{"href":"https:\/\/neustaedter-schuetzengilde.de\/schuetzengilde_r\/wp-json\/wp\/v2\/media?parent=288"}],"curies":[{"name":"wp","href":"https:\/\/api.w.org\/{rel}","templated":true}]}}