{"id":299,"date":"2017-06-20T15:01:10","date_gmt":"2017-06-20T13:01:10","guid":{"rendered":"http:\/\/neustaedter-schuetzengilde.de\/schuetzengilde_r\/?page_id=299"},"modified":"2024-04-09T10:22:11","modified_gmt":"2024-04-09T08:22:11","slug":"partner","status":"publish","type":"page","link":"https:\/\/neustaedter-schuetzengilde.de\/schuetzengilde_r\/partner\/","title":{"rendered":"Partner der Gilde"},"content":{"rendered":"\n<p><strong>Fragen zu diesen Partner-Anzeigen bitte an:<\/strong><\/p>\n\n\n<p>Auf dieser Seite haben Sie die M\u00f6glichkeit, Ihre besondere Verbundenheit zur Gilde durch eine Werbeanzeige f\u00fcr Ihr Unternehmen zu zeigen &#8230;<\/p>\n<hr \/>\n<p><span style=\"font-size: large;\"><strong>Wir danken unseren Sch\u00fctzenbr\u00fcdern&#8230;<\/strong><\/span><\/p>\n<p>Hannes Faast f\u00fcr die Initiative und den gro\u00dfen Einsatz zum ersten Aufbau eines Internetauftritts unserer Gilde 2003 sowie Uwe Muchow, Balticum-Verlag \/ der reporter &#8211; f\u00fcr den kostenlosen Aufbau und den Neuaufbau der Seiten 2017 sowie die Bereitstellung des Servers. Hartmut von Halle f\u00fcr die Aktualisierung der gesamten Homepage 2017 und allen weiteren nachfolgenden Gildemitgliedern f\u00fcr Ihre Unterst\u00fctzung bei den Unterhaltungskosten dieser Seiten.<\/p>\n<p><em>Der Vorstand<\/em><a href=\"mailto:info@neustaedter-schuetzengilde.de\"><br \/><\/a><\/p>\n<hr \/>\n<p><img loading=\"lazy\" decoding=\"async\" class=\"alignnone size-full wp-image-1976\" src=\"https:\/\/neustaedter-schuetzengilde.de\/schuetzengilde_r\/wp-content\/uploads\/2018\/07\/balticum.gif\" alt=\"\" width=\"360\" height=\"34\" \/><\/p>\n<p><b><img loading=\"lazy\" decoding=\"async\" class=\"alignnone size-medium wp-image-1169\" src=\"https:\/\/neustaedter-schuetzengilde.de\/schuetzengilde_r\/wp-content\/uploads\/2017\/06\/logo_header-1-300x52.png\" alt=\"\" width=\"300\" height=\"52\" srcset=\"https:\/\/neustaedter-schuetzengilde.de\/schuetzengilde_r\/wp-content\/uploads\/2017\/06\/logo_header-1-300x52.png 300w, https:\/\/neustaedter-schuetzengilde.de\/schuetzengilde_r\/wp-content\/uploads\/2017\/06\/logo_header-1.png 446w\" sizes=\"auto, (max-width: 300px) 100vw, 300px\" \/><br \/><\/b><\/p>\n<p><b>Balticum<\/b> Verlagsgesellschaft und Werbeagentur GmbH<br \/>Hochtorstra\u00dfe 19, 23730 Neustadt i.H., Postfach 1369,<br \/>23723 Neustadt i.H., Tel: 0 45 61 \/ 51 70-0, Fax 045 61 \/ 51 70-90<br \/>E-Mail : <a href=\"mailto:\" name=\"linkfoto002blk_block01__5\">info@balticum.de<\/a>, Net: <a href=\"https:\/\/www.balticum-verlag.de\" name=\"linkfoto003blk_block01__5\">www.balticum-verlag.de<\/a><\/p>\n<hr \/>\n<p><img loading=\"lazy\" decoding=\"async\" class=\"aligncenter wp-image-3160 size-full\" src=\"https:\/\/neustaedter-schuetzengilde.de\/schuetzengilde_r\/wp-content\/uploads\/2024\/01\/platt-foer-plietsch.jpg\" alt=\"\" width=\"802\" height=\"439\" srcset=\"https:\/\/neustaedter-schuetzengilde.de\/schuetzengilde_r\/wp-content\/uploads\/2024\/01\/platt-foer-plietsch.jpg 802w, https:\/\/neustaedter-schuetzengilde.de\/schuetzengilde_r\/wp-content\/uploads\/2024\/01\/platt-foer-plietsch-300x164.jpg 300w, https:\/\/neustaedter-schuetzengilde.de\/schuetzengilde_r\/wp-content\/uploads\/2024\/01\/platt-foer-plietsch-768x420.jpg 768w\" sizes=\"auto, (max-width: 802px) 100vw, 802px\" \/><\/p>\n<p><span style=\"font-size: large;\"><b>Plattdeutsches W\u00f6rterbuch<\/b><\/span><\/p>\n<p>Sollten Sie einen Begriff nicht in unserem W\u00f6rterbuch gefunden haben,<br \/>so senden Sie bitte eine Mail an unseren Gildemajor i. R. Heinrich Evers,<br \/>der seit Januar 2014 die T\u00e4tigkeit des 1. Plattdeutschbeauftragten<br \/>des Kreises Ostholstein \u00fcbernommen hat.<br \/>Er wird sich bem\u00fchen, baldm\u00f6glichst diesen Begriff mit in sein W\u00f6rterbuch<br \/>\u201ePlatt f\u00f6r Plietsche\u201c aufzunehmen.<\/p>\n<p>Net: www.plattdeutsches-woerterbuch.de<\/p>\n<p><b>Heinrich Evers<\/b>, Major d. Res.,<br \/>Rosenstr. 8, 23730 Neustadt in Holstein, Tel. (04561) 4472, Fax (04561) 3503, Handy: 0162 \u2013 28 10 828<br \/>E-Mail : <a href=\"http:\/\/www.blumen-evers.de\" name=\"linkfoto003blk_block01__4\">platt@heinrich-evers.de<\/a>, Net: <a href=\"http:\/\/www.blumen-evers.de\" name=\"linkfoto003blk_block01__4\">www.heinrich-evers.de<\/a><\/p>\n<hr \/>\n<p><img loading=\"lazy\" decoding=\"async\" class=\"alignnone size-full wp-image-1980\" src=\"https:\/\/neustaedter-schuetzengilde.de\/schuetzengilde_r\/wp-content\/uploads\/2018\/07\/Koppe-neu.gif\" alt=\"\" width=\"550\" height=\"550\" \/><\/p>\n<p>E-Mail : <a href=\"mailto:lackkoeppe@t-online.de\" name=\"linkfoto002blk_block01__15\">Koeppe &#8211; Karosserie- u. Lackierfachbetrieb<\/a>, Net: <a href=\"https:\/\/www.lackkoeppe.de\/\" target=\"_blank\" rel=\"noopener noreferrer\" name=\"linkfoto003blk_block01__15\">www.lackkoeppe.de<\/a><\/p>\n<hr \/>\n<p><img loading=\"lazy\" decoding=\"async\" class=\"alignnone size-full wp-image-1981\" src=\"https:\/\/neustaedter-schuetzengilde.de\/schuetzengilde_r\/wp-content\/uploads\/2018\/07\/Seeapotheke-550.gif\" alt=\"\" width=\"550\" height=\"402\" \/><\/p>\n<p>E-Mail : <a href=\"mailto:info@seestern-apo.de\" name=\"linkfoto002blk_block01__14\">Seestern Apotheke<\/a>, Net: <a href=\"https:\/\/www.seestern-apo.de\" name=\"linkfoto003blk_block01__14\">www.seestern-apo.de<\/a><\/p>\n<hr \/>\n<p><img loading=\"lazy\" decoding=\"async\" class=\"aligncenter size-full wp-image-2738\" src=\"https:\/\/neustaedter-schuetzengilde.de\/schuetzengilde_r\/wp-content\/uploads\/2019\/12\/H\u00f6ch.png\" alt=\"\" width=\"934\" height=\"296\" srcset=\"https:\/\/neustaedter-schuetzengilde.de\/schuetzengilde_r\/wp-content\/uploads\/2019\/12\/H\u00f6ch.png 934w, https:\/\/neustaedter-schuetzengilde.de\/schuetzengilde_r\/wp-content\/uploads\/2019\/12\/H\u00f6ch-300x95.png 300w, https:\/\/neustaedter-schuetzengilde.de\/schuetzengilde_r\/wp-content\/uploads\/2019\/12\/H\u00f6ch-768x243.png 768w\" sizes=\"auto, (max-width: 934px) 100vw, 934px\" \/><\/p>\n<div id=\"m1040\" class=\"module text\">\n<h5 class=\"headline\"><strong><span style=\"color: #555d66; font-size: 1.4em;\">Steinmetz in Neustadt \/ Schleswig-Holstein<\/span><\/strong><\/h5>\n<\/div>\n<div class=\"module text\">\n<p class=\"bodytext\">Seit dem Jahre 1904 hat die Firma Ewald H\u00f6ch im gesamten Kreis Ostholstein einen festen Platz in der Lieferung von Grabdenkm\u00e4lern! <br \/>Wir bieten Ihnen an unseren drei Standorten eine reichhaltige Auswahl, oder fertigen ein Grabmal nach Ihren W\u00fcnschen und Vorstellungen an.<\/p>\n<\/div>\n<p><span style=\"font-weight: 600;\">Ewald H\u00f6ch<\/span><b>\u00a0<\/b>Tel. (04561) 8868<br \/>E-Mail : <a href=\"mailto:info@hoech-grabmale.de\" data-track-event=\"click\" data-track-action=\"email_link\">info@hoech-grabmale.de<\/a>, Fax: 04561 558276<span style=\"font-size: small;\"><a href=\"mailto:vonhalle@vodafone.de\" name=\"linkfoto002blk_block01__1\"><\/a><\/span><\/p>\n\n\n<p><\/p>\n\n\n\n<p><\/p>\n\n\n\n<hr class=\"wp-block-separator has-alpha-channel-opacity\"\/>\n\n\n\n<figure class=\"wp-block-image size-large\"><img decoding=\"async\" src=\"https:\/\/neustaedter-schuetzengilde.de\/schuetzengilde_r\/wp-content\/uploads\/2024\/04\/pier-19-Logo.png\" alt=\"\"\/><\/figure>\n\n\n\n<p>Peter Fallgatter und seine Crew haben An der Wiek 7 bis 15 angelegt. Der Anker ist geworfen und das \u201ePier 19\u201c hei\u00dft seine G\u00e4ste im neu gestalteten Hafenrestaurant mit angeschlossener Sonnenterrasse \u201eherzlich willkommen\u201c.<br><br>An der Wiek 7-15, 23730 Neustadt in Holstein<br>Tel. 04561\/5138208<br>E-Mail: <a href=\"mailto:pier19@gmx.de\" target=\"_blank\" rel=\"noreferrer noopener\">pier19@gmx.de<\/a>, Net: <a href=\"https:\/\/wp.pier-19.de\" target=\"_blank\" rel=\"noreferrer noopener\">www.pier-19.de<\/a><\/p>\n","protected":false},"excerpt":{"rendered":"<p>Fragen zu diesen Partner-Anzeigen bitte an: Auf dieser Seite haben Sie die M\u00f6glichkeit, Ihre besondere Verbundenheit zur Gilde durch eine Werbeanzeige f\u00fcr Ihr Unternehmen zu zeigen &#8230; Wir danken unseren Sch\u00fctzenbr\u00fcdern&#8230; Hannes Faast f\u00fcr die Initiative und den gro\u00dfen Einsatz <a class=\"more-link\" href=\"https:\/\/neustaedter-schuetzengilde.de\/schuetzengilde_r\/partner\/\">weiterlesen&#8230;<\/a><\/p>\n","protected":false},"author":1,"featured_media":0,"parent":0,"menu_order":0,"comment_status":"closed","ping_status":"closed","template":"","meta":{"footnotes":""},"class_list":["post-299","page","type-page","status-publish","hentry"],"rttpg_featured_image_url":null,"rttpg_author":{"display_name":"admin","author_link":"https:\/\/neustaedter-schuetzengilde.de\/schuetzengilde_r\/author\/admin\/"},"rttpg_comment":0,"rttpg_category":null,"rttpg_excerpt":"Fragen zu diesen Partner-Anzeigen bitte an: Auf dieser Seite haben Sie die M\u00f6glichkeit, Ihre besondere Verbundenheit zur Gilde durch eine Werbeanzeige f\u00fcr Ihr Unternehmen zu zeigen &#8230; Wir danken unseren Sch\u00fctzenbr\u00fcdern&#8230; Hannes Faast f\u00fcr die Initiative und den gro\u00dfen Einsatz weiterlesen...","_links":{"self":[{"href":"https:\/\/neustaedter-schuetzengilde.de\/schuetzengilde_r\/wp-json\/wp\/v2\/pages\/299","targetHints":{"allow":["GET"]}}],"collection":[{"href":"https:\/\/neustaedter-schuetzengilde.de\/schuetzengilde_r\/wp-json\/wp\/v2\/pages"}],"about":[{"href":"https:\/\/neustaedter-schuetzengilde.de\/schuetzengilde_r\/wp-json\/wp\/v2\/types\/page"}],"author":[{"embeddable":true,"href":"https:\/\/neustaedter-schuetzengilde.de\/schuetzengilde_r\/wp-json\/wp\/v2\/users\/1"}],"replies":[{"embeddable":true,"href":"https:\/\/neustaedter-schuetzengilde.de\/schuetzengilde_r\/wp-json\/wp\/v2\/comments?post=299"}],"version-history":[{"count":32,"href":"https:\/\/neustaedter-schuetzengilde.de\/schuetzengilde_r\/wp-json\/wp\/v2\/pages\/299\/revisions"}],"predecessor-version":[{"id":3209,"href":"https:\/\/neustaedter-schuetzengilde.de\/schuetzengilde_r\/wp-json\/wp\/v2\/pages\/299\/revisions\/3209"}],"wp:attachment":[{"href":"https:\/\/neustaedter-schuetzengilde.de\/schuetzengilde_r\/wp-json\/wp\/v2\/media?parent=299"}],"curies":[{"name":"wp","href":"https:\/\/api.w.org\/{rel}","templated":true}]}}