{"id":588,"date":"2017-06-30T08:21:28","date_gmt":"2017-06-30T06:21:28","guid":{"rendered":"http:\/\/neustaedter-schuetzengilde.de\/schuetzengilde_r\/?page_id=588"},"modified":"2024-10-01T16:18:55","modified_gmt":"2024-10-01T14:18:55","slug":"aktuelles-2","status":"publish","type":"page","link":"https:\/\/neustaedter-schuetzengilde.de\/schuetzengilde_r\/aktuelles-2\/","title":{"rendered":"Aktuelles"},"content":{"rendered":"\n<p><a href=\"http:\/\/neustaedter-schuetzengilde.de\/schuetzengilde_r\/the-post-grid\/\"><span style=\"color: #008000;\"><span style=\"color: #000000;\">Presse-Info + Mitteilungen<\/span><\/span><\/a><\/p>\n\n\n\n<p><a href=\"https:\/\/neustaedter-schuetzengilde.de\/schuetzengilde_r\/galerien\/\"><span style=\"color: #000000;\">Fotogalerien<\/span><\/a><\/p>\n\n\n\n<p><span style=\"color: #000000;\"><a href=\"https:\/\/neustaedter-schuetzengilde.de\/schuetzengilde_r\/978-2\/\"><span style=\"color: #000000;\">&#8222;Vaterl\u00e4ndische Rede&#8220; Redner seit 1989<\/span> <span style=\"color: #000000;\">&#8211; die Reden ab 2013<\/span><\/a><\/span><\/p>\n\n\n\n<p><a href=\"https:\/\/neustaedter-schuetzengilde.de\/schuetzengilde_r\/800-jahre-buergerengagement-ausstellung-im-museum-zeittor\/\"><span style=\"color: #000000;\">8. Jahrhundert B\u00fcrgerengagement &#8211; Ausstellung im zeiTTor<\/span><\/a><\/p>\n\n\n\n<p><a href=\"https:\/\/neustaedter-schuetzengilde.de\/schuetzengilde_r\/historische-fahne-der-neustaedter-schuetzengilde-restauriert\/\"><span style=\"color: #000000;\">Historische Fahne der Neust\u00e4dter Sch\u00fctzengilde restauriert<\/span><\/a><\/p>\n\n\n\n<p><span style=\"color: #000000;\"><a href=\"https:\/\/neustaedter-schuetzengilde.de\/schuetzengilde_r\/flyer-download-pdf-dokument\/\"><span style=\"color: #000000;\">Info-Flyer &#8211;<\/span> <span style=\"color: #000000;\">Download PDF-Dokument<\/span><\/a><\/span><\/p>\n\n\n\n<p><span style=\"color: #000000;\"><a href=\"https:\/\/neustaedter-schuetzengilde.de\/schuetzengilde_r\/gilde-satzung-und-geschaeftsordnung\/\"><span style=\"color: #000000;\">Gildesatzung und Gesch\u00e4ftsordnung<\/span><\/a><\/span><\/p>\n\n\n\n<p><span style=\"color: #000000;\"><a href=\"https:\/\/neustaedter-schuetzengilde.de\/schuetzengilde_r\/mitgliedsantrag\/\"><span style=\"color: #000000;\">Mitgliedsantrag &#8211; Download PDF-Dokument<\/span><\/a><\/span><\/p>\n\n\n\n<p><span style=\"color: #000000;\"><a href=\"https:\/\/www.der-reporter.de\/neustadt\/neustadt-in-holstein\/artikel\/die-vaterlaendische-rede-2024-uwe-muchow-sprach-beim-vogelschiessen-2024-zum-thema-zuversicht\"><span style=\"color: #000000;\">Die Vaterl\u00e4ndische Rede<\/span><\/a><\/span><\/p>\n\n\n\n<p class=\"has-text-align-right\">&nbsp;<\/p>\n","protected":false},"excerpt":{"rendered":"<p>Presse-Info + Mitteilungen Fotogalerien &#8222;Vaterl\u00e4ndische Rede&#8220; Redner seit 1989 &#8211; die Reden ab 2013 8. Jahrhundert B\u00fcrgerengagement &#8211; Ausstellung im zeiTTor Historische Fahne der Neust\u00e4dter Sch\u00fctzengilde restauriert Info-Flyer &#8211; Download PDF-Dokument Gildesatzung und Gesch\u00e4ftsordnung Mitgliedsantrag &#8211; Download PDF-Dokument Die Vaterl\u00e4ndische <a class=\"more-link\" href=\"https:\/\/neustaedter-schuetzengilde.de\/schuetzengilde_r\/aktuelles-2\/\">weiterlesen&#8230;<\/a><\/p>\n","protected":false},"author":1,"featured_media":0,"parent":0,"menu_order":0,"comment_status":"closed","ping_status":"closed","template":"","meta":{"footnotes":""},"class_list":["post-588","page","type-page","status-publish","hentry"],"rttpg_featured_image_url":null,"rttpg_author":{"display_name":"admin","author_link":"https:\/\/neustaedter-schuetzengilde.de\/schuetzengilde_r\/author\/admin\/"},"rttpg_comment":0,"rttpg_category":null,"rttpg_excerpt":"Presse-Info + Mitteilungen Fotogalerien &#8222;Vaterl\u00e4ndische Rede&#8220; Redner seit 1989 &#8211; die Reden ab 2013 8. Jahrhundert B\u00fcrgerengagement &#8211; Ausstellung im zeiTTor Historische Fahne der Neust\u00e4dter Sch\u00fctzengilde restauriert Info-Flyer &#8211; Download PDF-Dokument Gildesatzung und Gesch\u00e4ftsordnung Mitgliedsantrag &#8211; Download PDF-Dokument Die Vaterl\u00e4ndische weiterlesen...","_links":{"self":[{"href":"https:\/\/neustaedter-schuetzengilde.de\/schuetzengilde_r\/wp-json\/wp\/v2\/pages\/588","targetHints":{"allow":["GET"]}}],"collection":[{"href":"https:\/\/neustaedter-schuetzengilde.de\/schuetzengilde_r\/wp-json\/wp\/v2\/pages"}],"about":[{"href":"https:\/\/neustaedter-schuetzengilde.de\/schuetzengilde_r\/wp-json\/wp\/v2\/types\/page"}],"author":[{"embeddable":true,"href":"https:\/\/neustaedter-schuetzengilde.de\/schuetzengilde_r\/wp-json\/wp\/v2\/users\/1"}],"replies":[{"embeddable":true,"href":"https:\/\/neustaedter-schuetzengilde.de\/schuetzengilde_r\/wp-json\/wp\/v2\/comments?post=588"}],"version-history":[{"count":49,"href":"https:\/\/neustaedter-schuetzengilde.de\/schuetzengilde_r\/wp-json\/wp\/v2\/pages\/588\/revisions"}],"predecessor-version":[{"id":3273,"href":"https:\/\/neustaedter-schuetzengilde.de\/schuetzengilde_r\/wp-json\/wp\/v2\/pages\/588\/revisions\/3273"}],"wp:attachment":[{"href":"https:\/\/neustaedter-schuetzengilde.de\/schuetzengilde_r\/wp-json\/wp\/v2\/media?parent=588"}],"curies":[{"name":"wp","href":"https:\/\/api.w.org\/{rel}","templated":true}]}}