{"id":829,"date":"2017-07-01T13:04:14","date_gmt":"2017-07-01T11:04:14","guid":{"rendered":"http:\/\/neustaedter-schuetzengilde.de\/schuetzengilde_r\/?page_id=829"},"modified":"2018-10-29T16:31:49","modified_gmt":"2018-10-29T15:31:49","slug":"silberbecher","status":"publish","type":"page","link":"https:\/\/neustaedter-schuetzengilde.de\/schuetzengilde_r\/silberbecher\/","title":{"rendered":"Silberbecher"},"content":{"rendered":"<table border=\"0\" width=\"100%\" cellspacing=\"0\" cellpadding=\"0\">\n<tbody>\n<tr>\n<td>\n<table border=\"0\" width=\"100%\" cellspacing=\"8\" cellpadding=\"0\">\n<tbody>\n<tr>\n<td>\n<h5><b>Aufstellung der Silberbecher der Neust\u00e4dter Sch\u00fctzengilde<br \/>\n<\/b><\/h5>\n<p>(nach Alter sortiert)<b><br \/>\n<\/b><br \/>\n1.\u00a0\u00a0 Kalandsbecher von 1498 (\u00e4ltester Becher)<br \/>\n2.\u00a0\u00a0 Reifbecher ca.1500<br \/>\n3.\u00a0\u00a0 F\u00fcnfpassbecher ca. 1500<br \/>\n4.\u00a0\u00a0 Pokal der B\u00e4cker Innung ca. 1602<br \/>\n5.\u00a0\u00a0 Pokal der\u00a0 Schneider Innung ca. 1650<br \/>\n6.\u00a0\u00a0 Doppelbecher-Oberteil Reimers 1653<br \/>\n7.\u00a0\u00a0 Doppelbecher-Unterteil Reimers 1653<br \/>\n8.\u00a0\u00a0 Becher der Schuster-Innung 1662<br \/>\n9.\u00a0\u00a0 Becher der Leineweber 1662<br \/>\n10. Schmiede-Innungs Becher 1663<br \/>\n11. Fischeramts-Becher 1687<br \/>\n12. Goldener Apfel von 1730<br \/>\n13. Senator Fischer Becher 1803<br \/>\n14. Kanzleirat Romundt Becher von 1841<br \/>\n15. Reysisch-Becher 1862<br \/>\n16. Oberst V\u00f6lkers Becher von 1919<br \/>\n17. Becher der Kaufmannsschaft 1924<br \/>\n18. Becher der Gastwirte 1925<br \/>\n19. B\u00fcrgermeistesr Reher-Becher 1927<br \/>\n20. Becher von August Ludwig 1928<br \/>\n21. Becher von Hans Severin 1951<br \/>\n22. Jubil\u00e4umsbecher 125 J. von Fa. Wein-Hoff 1956<br \/>\n23. Becher von Kapellmeister Klahn 1959<br \/>\n24. Becher von Ehrenvorstand Dr. W. Kaeselau 1975<br \/>\n25. Becher von Vogelbauer Johannes J\u00e4ger 1975<br \/>\n26. Becher von Kommandeur Major G\u00fcnter Schulz 1979<br \/>\n27. Becher von Hpt. Rudolf Ehlers 1983<br \/>\n28. Becher von E. A. Witt, Fa. Schl\u00fcter 1988<br \/>\n29. Jubil\u00e4ums Becher von Hans Schlosser, Hotel Eos 1988\/89<br \/>\n30. Becher von Wehrf\u00fchrer Hans Erwin Jaekel v. 1990<br \/>\n31. K\u00f6niginnenpokal \u2013 gest. von \u201eDie Zw\u00f6lf\u201c 1996 (12er Gruppe um Hartmut von Halle)<br \/>\n32. Chargiertenbecher (Haase-Concerting Hasselburg) 1999<br \/>\n33. Becher von Ehrenvorstand Horst Colschen v. 2000<br \/>\n34. Becher von Vorstandsmitglied a.D. und K\u00f6nig J\u00fcrgen Schnoor 2003<br \/>\n35. Jubil\u00e4umsbecher 50 J. Fa. Haase von1959 (Leihgabe)<br \/>\n36. Becher von Ehrenb\u00fcrger Albert Haase von 1937 (2005)<br \/>\n37. Becher von Vorstandsmitglied a.D. Albert Haase \u2013 K\u00f6nid 2016<\/td>\n<\/tr>\n<\/tbody>\n<\/table>\n<\/td>\n<\/tr>\n<tr>\n<td class=\"linie_unten\">\n<table border=\"0\" width=\"886\" cellspacing=\"8\" cellpadding=\"0\">\n<tbody>\n<tr>\n<td valign=\"bottom\" width=\"100%\">\n<p><img loading=\"lazy\" decoding=\"async\" class=\"alignnone\" src=\"https:\/\/neustaedter-schuetzengilde.de\/schuetzengilde_r\/html\/geschichte\/images\/becher_1.jpg\" alt=\"\" width=\"150\" height=\"230\" name=\"foto001blk_block01__1\" \/><\/p>\n<p>Der kleine vergoldete Silberbecher (12cm hoch) weist das Zeichen des L\u00fcbecker Goldschmieds Claus Jeger auf, der 1602 Meister wurde. Die reiche Gravierung zeigt eine Landschaft mit H\u00e4usern unf Tieren. Die Inschrift lautet:<br \/>\n    DAT.EHRLJKE BECKER. AMPT \u2013 D. E. R. V. (dem ehrbaren Rat verehrt), darunter ein Schild mit den B\u00e4ckerzeichen: Kringel und Dreitimpen, einem dreieckigem Brot.Es ist keine Jahreszahl vorhanden. Anscheinend ist diese Inschrift erst sp\u00e4ter, nach Gravierung der Landschaft, angebracht, da sie letztere stellenweise \u00fcberdeckt. Das Stiftungsdatum w\u00fcrde dann zu den Daten der anderen Handwerks\u00e4mter passen<\/p>\n<p><img loading=\"lazy\" decoding=\"async\" class=\"alignnone\" src=\"https:\/\/neustaedter-schuetzengilde.de\/schuetzengilde_r\/html\/geschichte\/images\/becher_2.jpg\" alt=\"\" width=\"150\" height=\"241\" name=\"foto001blk_block01__3\" \/><\/p>\n<p>    Der achteckige vergoldete Silberbecher (18,5 cm hoch) mit den drei Granat\u00e4pfelf\u00fc\u00dfen zeigt auf den reich gravierten Fl\u00e4chen barockes Blattwerk sowie M\u00e4nner und Frauen in Modetracht; au\u00dferdem einen Totenkopf mit der Mahnung: ES IST ALLES GANZ EITEL HEUTE ROOT MORGEN TOET.<br \/>\n    Die Inschrift lautet: AN EINEN EHRBAREN WOLWEISEN RAHT DIESEN BECHER DAS AMPT DER SCHNEIDER VOREHRET ANNO 1650.Es ist eine Arbeit des L\u00fcbecker Goldschmieds Johann Martens, 1642 Meister wurde.<\/p>\n<p> &nbsp;<\/p>\n<p>    <img loading=\"lazy\" decoding=\"async\" class=\"alignnone\" src=\"https:\/\/neustaedter-schuetzengilde.de\/schuetzengilde_r\/html\/geschichte\/images\/becher_3.jpg\" alt=\"\" width=\"150\" height=\"231\" name=\"foto001blk_block01__2\" \/><\/p>\n<p>    Der zw\u00f6lfseitige Silberbecher (15,5 cm hoch) tr\u00e4gt die Widmung: \u201eDAS AMPT DER SCHVSTERS VEREHRET DIESES GESCHMIDE EINEN EHRBAREN HOGWOLEISEN RAHT IN NIESTADT 1662.<\/p>\n<p> &nbsp;<\/p>\n<p>    <img loading=\"lazy\" decoding=\"async\" class=\"alignnone\" src=\"https:\/\/neustaedter-schuetzengilde.de\/schuetzengilde_r\/html\/geschichte\/images\/becher_4.jpg\" alt=\"\" width=\"150\" height=\"203\" name=\"foto001blk_block01__4\" \/><\/p>\n<p>    Die Wandung dieses 11,5 cm hohen Silberbechers ist mit gro\u00dfen Bl\u00e4ttern und Bl\u00fcten in Treibarbeit geschm\u00fcckt.<br \/>\n    Die Inschrift lautet DIESEN BECHER HADT AMT DER LINWEFERS VEREHRET ANNO 1662.<br \/>\n    Darunter befindet sich das Handwerkswappen der Leineweber: drei Webeschiffchen, in Dreiecksform gestellt, umschlie\u00dfen drei Flachsbl\u00fcten dar\u00fcber eine Krone. 1661 war dem Amt eine neue Rolle vom Rat verliehen worden.<br \/>\n    Daher ist anzunehmen, dass der Becher dem Rat verehrt wurde, obwohl die Inschrift es nicht ausweist. Verfertiger war der L\u00fcbecker Goldschmied Michael Winter.<\/p>\n<p> &nbsp;<\/p>\n<p>    <img loading=\"lazy\" decoding=\"async\" class=\"alignnone\" src=\"https:\/\/neustaedter-schuetzengilde.de\/schuetzengilde_r\/html\/geschichte\/images\/becher_5.jpg\" alt=\"\" width=\"150\" height=\"231\" name=\"foto001blk_block01__5\" \/><\/p>\n<p>    Der 17 cm hohe Silberbecher tr\u00e4gt \u00e4hnliche Treibarbeit wie der des Leineweberamtes. Unter dem Boden steht: DIESEN BECHER HAT EIN AMPT DER SCHMIEDE VER EHRET AO 1663.\n  <\/p>\n<p> <img loading=\"lazy\" decoding=\"async\" class=\"alignnone\" src=\"https:\/\/neustaedter-schuetzengilde.de\/schuetzengilde_r\/html\/geschichte\/images\/becher_6.jpg\" alt=\"\" width=\"150\" height=\"131\" name=\"foto001blk_block01__6\" \/><\/p>\n<p>    Bodeninschrift des Schmiedebechers.<br \/>\n    Die Schmiede erielten 1662 eine neue Amtsrolle. Sie w\u00e4hlten fpr den vom L\u00fcbecker Meister Peter Nordtman gefertigten Becher die gleiche Form und Verzierung wie beim Weberbecher, wollten durch die Gr\u00f6\u00dfe aber wohl diese \u00fcbertrumpfen. Die gekr\u00f6nte Schlange im Berufswappen zeigt an, dass die Schmiede einst Meister in der Tierarzneikunst waren.<\/p>\n<\/td>\n<\/tr>\n<\/tbody>\n<\/table>\n<\/td>\n<\/tr>\n<\/tbody>\n<\/table>\n","protected":false},"excerpt":{"rendered":"<p>Aufstellung der Silberbecher der Neust\u00e4dter Sch\u00fctzengilde (nach Alter sortiert) 1.\u00a0\u00a0 Kalandsbecher von 1498 (\u00e4ltester Becher) 2.\u00a0\u00a0 Reifbecher ca.1500 3.\u00a0\u00a0 F\u00fcnfpassbecher ca. 1500 4.\u00a0\u00a0 Pokal der B\u00e4cker Innung ca. 1602 5.\u00a0\u00a0 Pokal der\u00a0 Schneider Innung ca. 1650 6.\u00a0\u00a0 Doppelbecher-Oberteil Reimers 1653 <a class=\"more-link\" href=\"https:\/\/neustaedter-schuetzengilde.de\/schuetzengilde_r\/silberbecher\/\">weiterlesen&#8230;<\/a><\/p>\n","protected":false},"author":4,"featured_media":0,"parent":0,"menu_order":0,"comment_status":"closed","ping_status":"closed","template":"","meta":{"footnotes":""},"class_list":["post-829","page","type-page","status-publish","hentry"],"rttpg_featured_image_url":null,"rttpg_author":{"display_name":"Hartmut von Halle","author_link":"https:\/\/neustaedter-schuetzengilde.de\/schuetzengilde_r\/author\/hvh\/"},"rttpg_comment":0,"rttpg_category":null,"rttpg_excerpt":"Aufstellung der Silberbecher der Neust\u00e4dter Sch\u00fctzengilde (nach Alter sortiert) 1.\u00a0\u00a0 Kalandsbecher von 1498 (\u00e4ltester Becher) 2.\u00a0\u00a0 Reifbecher ca.1500 3.\u00a0\u00a0 F\u00fcnfpassbecher ca. 1500 4.\u00a0\u00a0 Pokal der B\u00e4cker Innung ca. 1602 5.\u00a0\u00a0 Pokal der\u00a0 Schneider Innung ca. 1650 6.\u00a0\u00a0 Doppelbecher-Oberteil Reimers 1653 weiterlesen...","_links":{"self":[{"href":"https:\/\/neustaedter-schuetzengilde.de\/schuetzengilde_r\/wp-json\/wp\/v2\/pages\/829","targetHints":{"allow":["GET"]}}],"collection":[{"href":"https:\/\/neustaedter-schuetzengilde.de\/schuetzengilde_r\/wp-json\/wp\/v2\/pages"}],"about":[{"href":"https:\/\/neustaedter-schuetzengilde.de\/schuetzengilde_r\/wp-json\/wp\/v2\/types\/page"}],"author":[{"embeddable":true,"href":"https:\/\/neustaedter-schuetzengilde.de\/schuetzengilde_r\/wp-json\/wp\/v2\/users\/4"}],"replies":[{"embeddable":true,"href":"https:\/\/neustaedter-schuetzengilde.de\/schuetzengilde_r\/wp-json\/wp\/v2\/comments?post=829"}],"version-history":[{"count":10,"href":"https:\/\/neustaedter-schuetzengilde.de\/schuetzengilde_r\/wp-json\/wp\/v2\/pages\/829\/revisions"}],"predecessor-version":[{"id":2072,"href":"https:\/\/neustaedter-schuetzengilde.de\/schuetzengilde_r\/wp-json\/wp\/v2\/pages\/829\/revisions\/2072"}],"wp:attachment":[{"href":"https:\/\/neustaedter-schuetzengilde.de\/schuetzengilde_r\/wp-json\/wp\/v2\/media?parent=829"}],"curies":[{"name":"wp","href":"https:\/\/api.w.org\/{rel}","templated":true}]}}