{"id":905,"date":"2017-07-02T13:14:44","date_gmt":"2017-07-02T11:14:44","guid":{"rendered":"http:\/\/neustaedter-schuetzengilde.de\/schuetzengilde_r\/?page_id=905"},"modified":"2017-07-02T13:14:44","modified_gmt":"2017-07-02T11:14:44","slug":"aktivitaeten-der-gilde","status":"publish","type":"page","link":"https:\/\/neustaedter-schuetzengilde.de\/schuetzengilde_r\/aktivitaeten-der-gilde\/","title":{"rendered":"Aktivit\u00e4ten der Gilde"},"content":{"rendered":"<h3><span style=\"color: #008000;\"><strong>Einige Aktivit\u00e4ten der Gilde:<\/strong><\/span><\/h3>\n<p>&#8211; General- und Herbstversammlung<br \/>\n&#8211; Quartierstreffen<\/p>\n<p>&#8211; Sch\u00fctzenball<br \/>\n&#8211; K\u00f6nigstreffen<\/p>\n<p>&#8211; Gildekegeln<br \/>\n&#8211; Skat- und Knobelabend<br \/>\n&#8211; Wandertag<br \/>\n&#8211; Sch\u00fctzenreise<\/p>\n<p>&#8211; Traditionelles Vogelschie\u00dfen<br \/>\n&#8211; Abrechnung auf dem Rathaus nach alter Tradition<br \/>\n&#8211; Stahlvogelschie\u00dfen<br \/>\n&#8211; Pokal- und Preisschie\u00dfen<br \/>\n&#8211; Stadtpokal-Schie\u00dfen<\/p>\n<p>&#8211; Plattdeutsche Vortr\u00e4ge<br \/>\n&#8211; Vortr\u00e4ge zum Zeitgeschehen<\/p>\n","protected":false},"excerpt":{"rendered":"<p>Einige Aktivit\u00e4ten der Gilde: &#8211; General- und Herbstversammlung &#8211; Quartierstreffen &#8211; Sch\u00fctzenball &#8211; K\u00f6nigstreffen &#8211; Gildekegeln &#8211; Skat- und Knobelabend &#8211; Wandertag &#8211; Sch\u00fctzenreise &#8211; Traditionelles Vogelschie\u00dfen &#8211; Abrechnung auf dem Rathaus nach alter Tradition &#8211; Stahlvogelschie\u00dfen &#8211; Pokal- und <a class=\"more-link\" href=\"https:\/\/neustaedter-schuetzengilde.de\/schuetzengilde_r\/aktivitaeten-der-gilde\/\">weiterlesen&#8230;<\/a><\/p>\n","protected":false},"author":4,"featured_media":0,"parent":0,"menu_order":0,"comment_status":"closed","ping_status":"closed","template":"","meta":{"footnotes":""},"class_list":["post-905","page","type-page","status-publish","hentry"],"rttpg_featured_image_url":null,"rttpg_author":{"display_name":"Hartmut von Halle","author_link":"https:\/\/neustaedter-schuetzengilde.de\/schuetzengilde_r\/author\/hvh\/"},"rttpg_comment":0,"rttpg_category":null,"rttpg_excerpt":"Einige Aktivit\u00e4ten der Gilde: &#8211; General- und Herbstversammlung &#8211; Quartierstreffen &#8211; Sch\u00fctzenball &#8211; K\u00f6nigstreffen &#8211; Gildekegeln &#8211; Skat- und Knobelabend &#8211; Wandertag &#8211; Sch\u00fctzenreise &#8211; Traditionelles Vogelschie\u00dfen &#8211; Abrechnung auf dem Rathaus nach alter Tradition &#8211; Stahlvogelschie\u00dfen &#8211; Pokal- und weiterlesen...","_links":{"self":[{"href":"https:\/\/neustaedter-schuetzengilde.de\/schuetzengilde_r\/wp-json\/wp\/v2\/pages\/905","targetHints":{"allow":["GET"]}}],"collection":[{"href":"https:\/\/neustaedter-schuetzengilde.de\/schuetzengilde_r\/wp-json\/wp\/v2\/pages"}],"about":[{"href":"https:\/\/neustaedter-schuetzengilde.de\/schuetzengilde_r\/wp-json\/wp\/v2\/types\/page"}],"author":[{"embeddable":true,"href":"https:\/\/neustaedter-schuetzengilde.de\/schuetzengilde_r\/wp-json\/wp\/v2\/users\/4"}],"replies":[{"embeddable":true,"href":"https:\/\/neustaedter-schuetzengilde.de\/schuetzengilde_r\/wp-json\/wp\/v2\/comments?post=905"}],"version-history":[{"count":1,"href":"https:\/\/neustaedter-schuetzengilde.de\/schuetzengilde_r\/wp-json\/wp\/v2\/pages\/905\/revisions"}],"predecessor-version":[{"id":906,"href":"https:\/\/neustaedter-schuetzengilde.de\/schuetzengilde_r\/wp-json\/wp\/v2\/pages\/905\/revisions\/906"}],"wp:attachment":[{"href":"https:\/\/neustaedter-schuetzengilde.de\/schuetzengilde_r\/wp-json\/wp\/v2\/media?parent=905"}],"curies":[{"name":"wp","href":"https:\/\/api.w.org\/{rel}","templated":true}]}}