{"id":925,"date":"2017-07-02T13:37:00","date_gmt":"2017-07-02T11:37:00","guid":{"rendered":"http:\/\/neustaedter-schuetzengilde.de\/schuetzengilde_r\/?page_id=925"},"modified":"2017-07-02T13:37:00","modified_gmt":"2017-07-02T11:37:00","slug":"tradition-im-wandel","status":"publish","type":"page","link":"https:\/\/neustaedter-schuetzengilde.de\/schuetzengilde_r\/tradition-im-wandel\/","title":{"rendered":"Tradition im Wandel"},"content":{"rendered":"<p>War es sonst \u00fcblich beim Gildefr\u00fchst\u00fcck nach \u00d6ffnung der Lade die Silberbecher einzeln vorzustellen und zu verteilen, wurde erstmalig auf Anregung des Silberwartes 2006 nur ein Becher erkl\u00e4rt.<br \/>\nHier wurde zum 50. Jubil\u00e4um der Becher der Weinhandlung Gebr. Hoff,Neustadt v. 1956 ausgew\u00e4hlt.<br \/>\nDer Silberschatz der Gilde umfa\u00dft nicht nur die K\u00f6nigsketten mit gediegenen Erinnerunsplaketten, Tafelger\u00e4te des K\u00f6nigs, der K\u00f6nigin und einiger Offiziere, Symbole der K\u00f6nigsw\u00fcrde, sondern besonders aus 35 Silberbechern \u00fcber 7 Jahrhunderte.<br \/>\n(\u00e4ltester Becher v. 1498, j\u00fcngster 2003)<\/p>\n<p>Unsere Senioren haben bei der Nennung des &#8222;Hoff-Bechers&#8220; sofort die Herren Max, Hans und Rolf Hoff vor Augen.<br \/>\nDie Weinhandlung Gebr\u00fcder Hoff, Br\u00fcckstr., der Hoffsche Speicher v. 1827 geh\u00f6ren zur Geschichte unsere Stadt.<br \/>\nMax Hoff, liebevoll, aber mit gro\u00dfem Respekt &#8222;Onkel Max&#8220; genannt, wurde 1889 in Neustadt geboren und 1913 in die Gilde aufgenommen.<br \/>\nIm hohen Alter von 84 Jahren verstarb er 1973.<br \/>\nIn unsere Chronik schreibt unser Ehren\u00e4ltermann J.H. Koch auf Seite 21:<br \/>\nInsbesondere Max Hoff hat sich vor und nach dem 2. Welstkriege bem\u00fcht, den Schie\u00dfsport zu pflegen und gleichberechtigt neben dem traditionellen Vogelschie\u00dfen zu betreiben. Der 1945 begonnene und 1953-54 fortgesetzte Bau des neuen Schie\u00dfstandes in S\u00fcd-Nordrichtung ist seiner Tatkraft zu verdanken.<br \/>\nEs ist ihm auch zu verdanken, da\u00df der Silberschatz der Gilde (1945)nicht verloren ging.<br \/>\nEr stiftete die neue Lade und schnitze die Verzierungen.<br \/>\nEr war 31 Jahre Vorstandsmitglied und davon 14 Jahre \u00c4ltermann der Gilde.<br \/>\nDiese Zeit wurde auch die Epoche des &#8222;Maxismus&#8220; genannt.<br \/>\n1963 und dann mit 80 Jahren 1969 errang er mit gezieltem Schu\u00df die<br \/>\nK\u00f6nigsw\u00fcrde der Gilde.<br \/>\nSein Bruder Hans Hoff wurde 1894 geboren und 1920 in die Gilde aufgenommen.<br \/>\nAls ehrbarer Kaufmann setzte er sich f\u00fcr den &#8222;Kaufm\u00e4nnischen Verein&#8220;<br \/>\n(heute Gewerbeverein) ein und f\u00fchrte sehr lange die Freiwillige Feuerwehr in Neustadt.<br \/>\nSein Sohn Rolf Hoff, geboren 1923 trug sich 1951 in das Gildebuch ein. Er geh\u00f6rte der Gilde bis zu seinem Wegzug 1985 nach Hamburg an.<br \/>\nBis in die 70ziger Jahre war es Tradition, bei Gildefesten &#8222;Hoff-Wein&#8220;zu trinken. Wer dann wagte ein &#8222;Bier&#8220; zu bestellen, erntete Unverst\u00e4ndnis, ja , es war fast ein grober Versto\u00df gegen die Tradition.<br \/>\nRolf Hoff war ein angenehmer und hilfsbereiter Unterst\u00fctzer beim sportlichen Schie\u00dfen.<\/p>\n<p>Der Becher aus 925 Sterling Silber, wurde der Fa. Wein-Hoff zum 150.<br \/>\nJubil\u00e4um von der Stadt Neustadt am 11. Mai 1956 geschenkt.<br \/>\nMit einem Inhaltvolumen von 1,5 ltr.,ist er der gr\u00f6\u00dfe im Silberschatz.<br \/>\nSeine Ma\u00dfe sind 14cm hoch und 12 cm Durchmesser, sein Gewicht betr\u00e4gt 753 g.<br \/>\nEr ist aus einer Ronde tief gezogen, mit kleinem Standring und Kordelband verziert.<br \/>\nDer Becher ist mit dem Neust\u00e4dter Wappen graviert und tr\u00e4gt die Schrift:<br \/>\nDer Firma Gebr\u00fcder Hoff zum 150 j\u00e4hrigen Gesch\u00e4ftsjubil\u00e4um am 11. Mai<br \/>\n1956 mit besten W\u00fcnsche \u00fcberreicht. Der Magistrat der Stadt Neustadt(Holst).<br \/>\nAuf der Bodenplatte steht graviert: Der Sch\u00fctzengilde geschenkt-Rolf Hoff Juni 1985.<br \/>\nDer Herstellungswert w\u00fcrde heute 2006 ca. 800,&#8211;\u20ac in Maschinenarbeit<br \/>\nbetragen. In Handarbeit ca. 1500,&#8211;.Der historische Wert darf mit 2 bis 3000,- \u20ac beziffert werden.<\/p>\n<p>Nennung von Ereignissen zum Bericht 1956<br \/>\n2. 1. 1956 Es r\u00fccken ca. 1500 Freiwillige ein ,es Beginnt der Aufbau der Bundeswehr<br \/>\n23.10. 1956 Volksaufstand in Ungarn<br \/>\n2. 12. Fidel Castro landet auf Kuba<br \/>\n29.3. Blaulicht und Martinshorn werden eingef\u00fchrt<br \/>\n25.7. Andrea Doria sinkt vor den USA<br \/>\n26.1-5.3. Olympische Winterspiele in. Cortina d. Ampezzo<\/p>\n<p>1956 bekommt das Baugesch\u00e4ft Ehrich als Stundenverg\u00fctung f. d. Aufbau des Platzes beim Kindervogelschie\u00dfen 3.45 DM<br \/>\nJuwelier H. Moebus berechnet f\u00fcr einen versilberten Kaffeel\u00f6ffel 3,- DM.<br \/>\nEs bestehen in Neustadt u. a. folg. Firmen: Otto Rohde, Carl K\u00f6rner, Karl Steffens, Emil Reinhard, Foto Pilgrim, Rudof Tscherny.<br \/>\nHeinrich Evers wurde als 3. Hauptmann zum Kindervogelschie\u00dfen angemeldet. (heute ist er immer noch Hauptmann in der Sch\u00fctzengilde)<br \/>\nGeneral Ruge \u00fcberf\u00fchrt in Neustadt ca. 1000 Beamte des<br \/>\nSeegrenzschutzverbandes in die Bundeswehr.<\/p>\n","protected":false},"excerpt":{"rendered":"<p>War es sonst \u00fcblich beim Gildefr\u00fchst\u00fcck nach \u00d6ffnung der Lade die Silberbecher einzeln vorzustellen und zu verteilen, wurde erstmalig auf Anregung des Silberwartes 2006 nur ein Becher erkl\u00e4rt. Hier wurde zum 50. Jubil\u00e4um der Becher der Weinhandlung Gebr. Hoff,Neustadt v. <a class=\"more-link\" href=\"https:\/\/neustaedter-schuetzengilde.de\/schuetzengilde_r\/tradition-im-wandel\/\">weiterlesen&#8230;<\/a><\/p>\n","protected":false},"author":4,"featured_media":0,"parent":0,"menu_order":0,"comment_status":"closed","ping_status":"closed","template":"","meta":{"footnotes":""},"class_list":["post-925","page","type-page","status-publish","hentry"],"rttpg_featured_image_url":null,"rttpg_author":{"display_name":"Hartmut von Halle","author_link":"https:\/\/neustaedter-schuetzengilde.de\/schuetzengilde_r\/author\/hvh\/"},"rttpg_comment":0,"rttpg_category":null,"rttpg_excerpt":"War es sonst \u00fcblich beim Gildefr\u00fchst\u00fcck nach \u00d6ffnung der Lade die Silberbecher einzeln vorzustellen und zu verteilen, wurde erstmalig auf Anregung des Silberwartes 2006 nur ein Becher erkl\u00e4rt. Hier wurde zum 50. Jubil\u00e4um der Becher der Weinhandlung Gebr. Hoff,Neustadt v. weiterlesen...","_links":{"self":[{"href":"https:\/\/neustaedter-schuetzengilde.de\/schuetzengilde_r\/wp-json\/wp\/v2\/pages\/925","targetHints":{"allow":["GET"]}}],"collection":[{"href":"https:\/\/neustaedter-schuetzengilde.de\/schuetzengilde_r\/wp-json\/wp\/v2\/pages"}],"about":[{"href":"https:\/\/neustaedter-schuetzengilde.de\/schuetzengilde_r\/wp-json\/wp\/v2\/types\/page"}],"author":[{"embeddable":true,"href":"https:\/\/neustaedter-schuetzengilde.de\/schuetzengilde_r\/wp-json\/wp\/v2\/users\/4"}],"replies":[{"embeddable":true,"href":"https:\/\/neustaedter-schuetzengilde.de\/schuetzengilde_r\/wp-json\/wp\/v2\/comments?post=925"}],"version-history":[{"count":1,"href":"https:\/\/neustaedter-schuetzengilde.de\/schuetzengilde_r\/wp-json\/wp\/v2\/pages\/925\/revisions"}],"predecessor-version":[{"id":926,"href":"https:\/\/neustaedter-schuetzengilde.de\/schuetzengilde_r\/wp-json\/wp\/v2\/pages\/925\/revisions\/926"}],"wp:attachment":[{"href":"https:\/\/neustaedter-schuetzengilde.de\/schuetzengilde_r\/wp-json\/wp\/v2\/media?parent=925"}],"curies":[{"name":"wp","href":"https:\/\/api.w.org\/{rel}","templated":true}]}}