{"id":928,"date":"2017-07-02T13:39:22","date_gmt":"2017-07-02T11:39:22","guid":{"rendered":"http:\/\/neustaedter-schuetzengilde.de\/schuetzengilde_r\/?page_id=928"},"modified":"2017-07-02T13:48:04","modified_gmt":"2017-07-02T11:48:04","slug":"928-2","status":"publish","type":"page","link":"https:\/\/neustaedter-schuetzengilde.de\/schuetzengilde_r\/928-2\/","title":{"rendered":"Unsere Stadtkirche"},"content":{"rendered":"<table border=\"0\" width=\"100%\" cellspacing=\"0\" cellpadding=\"0\">\n<tbody>\n<tr>\n<td valign=\"top\" width=\"216\">\n<table border=\"0\" width=\"94%\" cellspacing=\"8\" cellpadding=\"0\">\n<tbody>\n<tr>\n<td>\n<table border=\"0\" width=\"100%\" cellspacing=\"0\" cellpadding=\"2\">\n<tbody>\n<tr>\n<td align=\"center\"><img loading=\"lazy\" decoding=\"async\" class=\"alignleft\" src=\"http:\/\/www.neustaedter-schuetzengilde.de\/geschichte\/images\/glocke.jpg\" alt=\"\" width=\"175\" height=\"209\" name=\"foto001\" \/><\/td>\n<\/tr>\n<tr>\n<td align=\"center\">Glocke aus der ehemaligen Marktkapelle (siehe Kurzinfo)<\/td>\n<\/tr>\n<\/tbody>\n<\/table>\n<\/td>\n<\/tr>\n<tr>\n<td>\n<table border=\"0\" width=\"100%\" cellspacing=\"0\" cellpadding=\"2\">\n<tbody>\n<tr>\n<td align=\"center\"><img loading=\"lazy\" decoding=\"async\" src=\"http:\/\/www.neustaedter-schuetzengilde.de\/geschichte\/images\/leuchter.jpg\" alt=\"\" width=\"175\" height=\"192\" name=\"foto002\" \/><\/td>\n<\/tr>\n<tr>\n<td align=\"center\">Kronleuchter von 1649<\/td>\n<\/tr>\n<\/tbody>\n<\/table>\n<\/td>\n<\/tr>\n<tr>\n<td>\n<table border=\"0\" width=\"100%\" cellspacing=\"0\" cellpadding=\"2\">\n<tbody>\n<tr>\n<td align=\"center\"><img loading=\"lazy\" decoding=\"async\" src=\"http:\/\/www.neustaedter-schuetzengilde.de\/geschichte\/images\/chorraum.jpg\" alt=\"\" width=\"175\" height=\"222\" name=\"foto003\" \/><\/td>\n<\/tr>\n<tr>\n<td align=\"center\">Blick auf den Chorraum<\/td>\n<\/tr>\n<\/tbody>\n<\/table>\n<\/td>\n<\/tr>\n<\/tbody>\n<\/table>\n<\/td>\n<td valign=\"top\">Ab 1244 als dreischiffige Backsteinhalle mit zweijochigem Kastenchor errichtet.<\/p>\n<p>Das Schiff wurde ab 1334 zur steilr\u00e4umigen Stutzbasilika umgestaltet.<\/p>\n<p>Ab 1334 Bau des Westturmes, der nach mehreren Umbauten 1846\/1847 erneuert und mit dem hohen Turmhelm versehen wurde.<\/p>\n<p>Gesamtausmalung mit Ma\u00dfwerdarstellungen um 1350 in Obergaden; freigelegt 1957. Einzigartig im Lande.<\/p>\n<p>Das Triumphkreuz stammt wohl aus einer L\u00fcbecker Werkstatt, noch vor dem Ende des 15. Jahrhundert.<\/p>\n<p>Die Renaissancekanzel wurde wurde gem. Inschrift 1571 von <b>Druide und Otto Riezerow<\/b> gestiftet.<\/p>\n<p>Der gro\u00dfe Kronleuchter ist eine Stiftung der Neust\u00e4dter Werft, die 1649 f\u00fcr den d\u00e4nischen K\u00f6nig das Schiff <b>Frederik III.<\/b> baute. Ein kleiner Kronleuchter wurde 1662 vom Schmiedeamt und mehrere Messsingleuchter wurden von anderen Handwerks\u00e4mtern gestiftet.<\/p>\n<p>Mehrere alte Grabplatten (die \u00e4lteste von 1375) und Epitaphien sind vorhanden, das \u00e4lteste von 1590 zeigt Mitglieder der Familie <b>Rantzau auf Brodau<\/b>.<\/p>\n<p>Der Schnitzaltar, 1643 vom<\/p>\n<p>Gottorfer Hofbildhauer Zacharias H\u00fcbener f\u00fcr den Schleswiger Dom angefertigt, wurde mittels einer Geldsammlung f\u00fcr Neustadt erworben, nachdem in Schleswig 1666 der Br\u00fcggemansche Altar aus dem Kloster Bordesholm aufgestellt worden war. Er wurde sp\u00e4ter bei einem Kunstmaler in Eutin ausgebessert und 1669 im Neust\u00e4dter Altarraum aufgestellt.<\/p>\n<p><b>Kurzinfo:<\/b><\/p>\n<p>Bis zum Stadtbrand 1817 wurden alle Toten auf dem Platz um die Kirche herum bestattet.<\/p>\n<p>Den Abschlu\u00df zum Marktplatz bildete eine H\u00e4userreihe, in der um 1380 eine Marktkapelle (zun\u00e4chst Maria geweiht, sp\u00e4ter dann der heiligen Gertrud) erbaut wurde, die nach der Reformation in eine Rektorswohnung umgewandelt und 1817 abgebrochen wurde. Erhalten hat sich nur die im Museum befindliche Glocke.<\/td>\n<\/tr>\n<\/tbody>\n<\/table>\n","protected":false},"excerpt":{"rendered":"<p>Glocke aus der ehemaligen Marktkapelle (siehe Kurzinfo) Kronleuchter von 1649 Blick auf den Chorraum Ab 1244 als dreischiffige Backsteinhalle mit zweijochigem Kastenchor errichtet. Das Schiff wurde ab 1334 zur steilr\u00e4umigen Stutzbasilika umgestaltet. Ab 1334 Bau des Westturmes, der nach mehreren <a class=\"more-link\" href=\"https:\/\/neustaedter-schuetzengilde.de\/schuetzengilde_r\/928-2\/\">weiterlesen&#8230;<\/a><\/p>\n","protected":false},"author":4,"featured_media":0,"parent":0,"menu_order":0,"comment_status":"closed","ping_status":"closed","template":"","meta":{"footnotes":""},"class_list":["post-928","page","type-page","status-publish","hentry"],"rttpg_featured_image_url":null,"rttpg_author":{"display_name":"Hartmut von Halle","author_link":"https:\/\/neustaedter-schuetzengilde.de\/schuetzengilde_r\/author\/hvh\/"},"rttpg_comment":0,"rttpg_category":null,"rttpg_excerpt":"Glocke aus der ehemaligen Marktkapelle (siehe Kurzinfo) Kronleuchter von 1649 Blick auf den Chorraum Ab 1244 als dreischiffige Backsteinhalle mit zweijochigem Kastenchor errichtet. Das Schiff wurde ab 1334 zur steilr\u00e4umigen Stutzbasilika umgestaltet. Ab 1334 Bau des Westturmes, der nach mehreren weiterlesen...","_links":{"self":[{"href":"https:\/\/neustaedter-schuetzengilde.de\/schuetzengilde_r\/wp-json\/wp\/v2\/pages\/928","targetHints":{"allow":["GET"]}}],"collection":[{"href":"https:\/\/neustaedter-schuetzengilde.de\/schuetzengilde_r\/wp-json\/wp\/v2\/pages"}],"about":[{"href":"https:\/\/neustaedter-schuetzengilde.de\/schuetzengilde_r\/wp-json\/wp\/v2\/types\/page"}],"author":[{"embeddable":true,"href":"https:\/\/neustaedter-schuetzengilde.de\/schuetzengilde_r\/wp-json\/wp\/v2\/users\/4"}],"replies":[{"embeddable":true,"href":"https:\/\/neustaedter-schuetzengilde.de\/schuetzengilde_r\/wp-json\/wp\/v2\/comments?post=928"}],"version-history":[{"count":5,"href":"https:\/\/neustaedter-schuetzengilde.de\/schuetzengilde_r\/wp-json\/wp\/v2\/pages\/928\/revisions"}],"predecessor-version":[{"id":931,"href":"https:\/\/neustaedter-schuetzengilde.de\/schuetzengilde_r\/wp-json\/wp\/v2\/pages\/928\/revisions\/931"}],"wp:attachment":[{"href":"https:\/\/neustaedter-schuetzengilde.de\/schuetzengilde_r\/wp-json\/wp\/v2\/media?parent=928"}],"curies":[{"name":"wp","href":"https:\/\/api.w.org\/{rel}","templated":true}]}}