{"id":942,"date":"2017-07-02T13:55:47","date_gmt":"2017-07-02T11:55:47","guid":{"rendered":"http:\/\/neustaedter-schuetzengilde.de\/schuetzengilde_r\/?page_id=942"},"modified":"2017-07-02T14:00:54","modified_gmt":"2017-07-02T12:00:54","slug":"st-juergen-hospital","status":"publish","type":"page","link":"https:\/\/neustaedter-schuetzengilde.de\/schuetzengilde_r\/st-juergen-hospital\/","title":{"rendered":"St. J\u00fcrgen Hospital"},"content":{"rendered":"<p>Der Hospital-Stiftung zum <b>Heiligen Geist<\/b> angeschlossen ist das Lienau-Stift. Ein Geb\u00e4ude in der Kremper Stra\u00dfe mit einem zu Wohnungen ausgebauten ehemaligen Speicher in der Grabenstrabe. Hier begann Jacob Lienau 1820 seine berufliche T\u00e4tigkeit in Neustadt. Sohn Robert Lienau schenkte das Grundst\u00fcck 1910 der Stadt.<\/p>\n<p>Auf dem Holm befand sich im Mittelalter eine weitere Krankenpflegeanstalt: die <b>St. J\u00fcrgen-Kapelle<\/b> mit einem angeschlossenen Hospital. Es diente im wesentlichen wohl der Betreuung der vom Aussatz (Lepra) befallenen Kranken. Dieser Krankheit, die im Verlaufe der Kreuzz\u00fcge aus dem Orient nach Europa eingeschleppt war, stand man seinerzeit ziemlich ratlos gegen\u00fcber und bek\u00e4mpfte sie zuerst lediglich durch die Isolierung oder Aussetzung (daher der Name) der Kranken.<\/p>\n<p>Schutzpatron war \u00fcberall St. J\u00fcrgen, der Drachenbezwinger, der als Helfer der in Not geratenen Menschen galt und im Mittelalter hohe Verehrung geno\u00df.<\/p>\n<p>Der L\u00fcbecker Bischof Johannes sprach am 26. September 1418 mit einer noch vorhandenen Urkunde einen 40t\u00e4gigen Abla\u00df f\u00fcr alle diejenigen aus, die bei der Einrichtung der Kapelle helfen w\u00fcrden. Der Bau der Kapelle und des Hospitals hat sich dann offensichtlich verz\u00f6gert, wahrscheinlich wegen des Stadtbrandes von 1419, der die Stadt schwer sch\u00e4digte. Erst gegen Mitte des Jahrhunderts mag mit dem Bau begonnen worden sein, f\u00fcr den man den 1418 vorgesehenen Platz auf dem Holm w\u00e4hlte. 1478 weihte der L\u00fcbecker Bischof Albert Krummendiek in der Neust\u00e4dter St. J\u00fcrgen-Kapelle eine Statue des hl. Jacobus. In die Figur wurde bei der Weihe ein Abla\u00dfbrief eingeschlossen.<\/p>\n<p>Der Platz, auf dem die Kapelle gestanden hat, wurde noch um 1650 bezeichnet <b>up dem Barge bi Sunte J\u00fcrgen<\/b>.<\/p>\n<p>Die Feldkarte von 1802 weist die Stelle als Georgenkrog aus. Im Herbst 1843 <b>trug man beim Chausseebau einen H\u00fcgel ab nord\u00f6stlich nahe der Stelle, an der die alten Landstra\u00dfen nach Eutin und L\u00fcbeck sich trennen<\/b>, zwecks Bodengewinnung f\u00fcr den durch die Niederung f\u00fchrenden Damm; dabei stie\u00df man auf zahlreiche Gebeine und das Fundament eines Geb\u00e4udes und hat damit den letzten Rest des St-J\u00fcrgen-Stiftes beseitigt. Heute kann man neben der Chaussee nur noch den Rest der Anh\u00f6he sehen.<\/p>\n<p><img loading=\"lazy\" decoding=\"async\" src=\"http:\/\/www.neustaedter-schuetzengilde.de\/geschichte\/images\/gkroog.jpg\" alt=\"\" width=\"180\" height=\"196\" name=\"foto001blk_block01__4\" \/><\/p>\n<p><i>Die Lage des Georgenkroges und des Gogenkrogs. <\/i>Das Flurst\u00fcck (Georgenkrog, gegen\u00fcber dem heutigen Grundst\u00fcck Kuhl an der Eutiner Stra\u00dfe) ist mehrfach verwechselt worden mit dem Gogenkrog am Binnenwasser.<\/p>\n<p><img loading=\"lazy\" decoding=\"async\" src=\"http:\/\/www.neustaedter-schuetzengilde.de\/geschichte\/images\/gwappen.jpg\" alt=\"\" width=\"180\" height=\"191\" name=\"foto001blk_block01__3\" \/><\/p>\n<p><i>Glaswappenfensterglas der Hospitalkapelle, heute im B\u00fcrgermeisterhaus<\/i><\/p>\n<p><img loading=\"lazy\" decoding=\"async\" src=\"http:\/\/www.neustaedter-schuetzengilde.de\/geschichte\/images\/juergen.jpg\" alt=\"\" width=\"109\" height=\"315\" name=\"foto001blk_block01__1\" \/><\/p>\n<p><i>Jacobusstatue aus der St. J\u00fcrgen-Kapelle; seit 1928 verschollen<\/i><\/p>\n","protected":false},"excerpt":{"rendered":"<p>Der Hospital-Stiftung zum Heiligen Geist angeschlossen ist das Lienau-Stift. Ein Geb\u00e4ude in der Kremper Stra\u00dfe mit einem zu Wohnungen ausgebauten ehemaligen Speicher in der Grabenstrabe. Hier begann Jacob Lienau 1820 seine berufliche T\u00e4tigkeit in Neustadt. Sohn Robert Lienau schenkte das <a class=\"more-link\" href=\"https:\/\/neustaedter-schuetzengilde.de\/schuetzengilde_r\/st-juergen-hospital\/\">weiterlesen&#8230;<\/a><\/p>\n","protected":false},"author":4,"featured_media":0,"parent":0,"menu_order":0,"comment_status":"closed","ping_status":"closed","template":"","meta":{"footnotes":""},"class_list":["post-942","page","type-page","status-publish","hentry"],"rttpg_featured_image_url":null,"rttpg_author":{"display_name":"Hartmut von Halle","author_link":"https:\/\/neustaedter-schuetzengilde.de\/schuetzengilde_r\/author\/hvh\/"},"rttpg_comment":0,"rttpg_category":null,"rttpg_excerpt":"Der Hospital-Stiftung zum Heiligen Geist angeschlossen ist das Lienau-Stift. Ein Geb\u00e4ude in der Kremper Stra\u00dfe mit einem zu Wohnungen ausgebauten ehemaligen Speicher in der Grabenstrabe. Hier begann Jacob Lienau 1820 seine berufliche T\u00e4tigkeit in Neustadt. Sohn Robert Lienau schenkte das weiterlesen...","_links":{"self":[{"href":"https:\/\/neustaedter-schuetzengilde.de\/schuetzengilde_r\/wp-json\/wp\/v2\/pages\/942","targetHints":{"allow":["GET"]}}],"collection":[{"href":"https:\/\/neustaedter-schuetzengilde.de\/schuetzengilde_r\/wp-json\/wp\/v2\/pages"}],"about":[{"href":"https:\/\/neustaedter-schuetzengilde.de\/schuetzengilde_r\/wp-json\/wp\/v2\/types\/page"}],"author":[{"embeddable":true,"href":"https:\/\/neustaedter-schuetzengilde.de\/schuetzengilde_r\/wp-json\/wp\/v2\/users\/4"}],"replies":[{"embeddable":true,"href":"https:\/\/neustaedter-schuetzengilde.de\/schuetzengilde_r\/wp-json\/wp\/v2\/comments?post=942"}],"version-history":[{"count":3,"href":"https:\/\/neustaedter-schuetzengilde.de\/schuetzengilde_r\/wp-json\/wp\/v2\/pages\/942\/revisions"}],"predecessor-version":[{"id":945,"href":"https:\/\/neustaedter-schuetzengilde.de\/schuetzengilde_r\/wp-json\/wp\/v2\/pages\/942\/revisions\/945"}],"wp:attachment":[{"href":"https:\/\/neustaedter-schuetzengilde.de\/schuetzengilde_r\/wp-json\/wp\/v2\/media?parent=942"}],"curies":[{"name":"wp","href":"https:\/\/api.w.org\/{rel}","templated":true}]}}