{"id":947,"date":"2017-07-02T14:07:35","date_gmt":"2017-07-02T12:07:35","guid":{"rendered":"http:\/\/neustaedter-schuetzengilde.de\/schuetzengilde_r\/?page_id=947"},"modified":"2017-07-02T14:08:26","modified_gmt":"2017-07-02T12:08:26","slug":"das-kirchspiel-altenkrempe","status":"publish","type":"page","link":"https:\/\/neustaedter-schuetzengilde.de\/schuetzengilde_r\/das-kirchspiel-altenkrempe\/","title":{"rendered":"Das Kirchspiel Altenkrempe &#8230;"},"content":{"rendered":"<h3>&#8230; beim Abschlu\u00df der Wiederbesiedlung<\/h3>\n<p><img loading=\"lazy\" decoding=\"async\" src=\"http:\/\/www.neustaedter-schuetzengilde.de\/geschichte\/images\/akrempe.jpg\" alt=\"\" width=\"450\" height=\"343\" name=\"foto00x1\" \/><\/p>\n<p><em>Die genaue Lage der untergegangenen D\u00f6rfer ist nicht in jedem Fall gekl\u00e4rt. Der gekennzeichnete Weg stellt die vor- und fr\u00fchgeschichtliche Reiseroute entlang der H\u00f6henz\u00fcge dar.<\/em><\/p>\n<p>Die Gr\u00fcndung Neustadts als wirtschaftlicher Schwerpunkt seiner Umgebung war zugleich Abschlu\u00df der Kolonisation dieser Gegend.<\/p>\n<p>Das Stadtgebiet wurde dabei dem Bereich des Kirchspiels Krempe entnommen; zur Unterscheidung vom neuen Ort nannte man das Kirchdorf nun Altenkrempe (Nova Crempa = Nienkrempe = Neustadt).<\/p>\n<p>Unten sehen wir ein Bildnis des Stadtgr\u00fcnders Adolf IV. nach dem restaurierten Original der Hamburger Maria-Magdalenen-Kirche, welches 1943 verbrannte.<\/p>\n<table border=\"0\" width=\"100%\" cellspacing=\"0\" cellpadding=\"0\">\n<tbody>\n<tr>\n<td valign=\"top\" width=\"37%\">1. Altenkrempe<br \/>\n2. Kniphagen<br \/>\n3. Marxdorf<br \/>\n4. Hobstin<br \/>\n5. Stolpe<br \/>\n6. Sibstin<br \/>\n7. Klein-Schlamin<br \/>\n8. Gro\u00df-Schlamin<br \/>\n9. Bentfeld<br \/>\n10. Kassau<br \/>\n11. Krummbeck<br \/>\n12. Plunkau<br \/>\n13. Logeberg<br \/>\n14. Schashagen<img loading=\"lazy\" decoding=\"async\" src=\"http:\/\/www.neustaedter-schuetzengilde.de\/geschichte\/images\/adolf4.jpg\" alt=\"\" width=\"194\" height=\"491\" name=\"foto00x3\" \/><\/td>\n<td valign=\"top\" width=\"100%\">15. Klein-Blisedorpe<br \/>\n16. Bliesdorf<br \/>\n17. Beusloe<br \/>\n18. G\u00f6mnitz<br \/>\n19. Jarkau<br \/>\n20. Rettin<br \/>\n21. Malutzekendorp<br \/>\n22. Neudorf, Nyedorp<br \/>\n23. Politz, Polesce<br \/>\n24. Sierhagen<br \/>\n25. Merkendorf<br \/>\n26. Halendorf&nbsp;<\/p>\n<p><b><\/b><b>Kniphagen<\/b> (ehemals Dorf von 12 Hufen) geh\u00f6rt seit dem 1.4.1939 zum Kirchspiel Sch\u00f6nwalde<\/p>\n<p><b>Krummbeck<\/b> war ehemals Dorf von 10 Hufen<\/p>\n<p><b>Klein-Blisedorpe<\/b> ist zwischen 1280 und 1426 eingegangen<\/p>\n<p><b>Bliesdorf<\/b> war um 1280 noch Gro\u00df- und Klein-Bliesedorpe<\/p>\n<p><b>Beusloe<\/b> war bis um 1530 noch Dorf<\/p>\n<p><b>G\u00f6mnitz<\/b> blieb nach der Reformation als einziges Dorf des Kirchspiels bisch\u00f6flicher Besitz; F\u00fcrstbistum L\u00fcbeck<\/p>\n<p><b>Jarkau<\/b> ist im Gut Sierhagen aufgegangen<\/p>\n<p><b>Malutzekendorp<\/b> 1426 aufgegeben<\/p>\n<p><b>Neudorf<\/b> war ehemaliges Dorf von 10 Hufen, 1426 aufgegeben, Dorfflur im Hof Hasselburg aufgegangen<\/p>\n<p><b>Politz<\/b> ist nach 1280 im heutigen Neust\u00e4dter Stadtgebiet aufgegangen<\/p>\n<p><b>Merkendorf<\/b> &#8211; 1280 nicht aufgef\u00fchrt, 1318 vorhanden, 1426 Dorf von 12 Hufen<\/p>\n<p><b>Halendorf<\/b> &#8211; 1280 nicht aufgef\u00fchrt, 1426 zum Kirchspiel geh\u00f6rig, sp\u00e4ter zum Kirchspiel Sch\u00f6nwalde<\/td>\n<\/tr>\n<\/tbody>\n<\/table>\n","protected":false},"excerpt":{"rendered":"<p>&#8230; beim Abschlu\u00df der Wiederbesiedlung Die genaue Lage der untergegangenen D\u00f6rfer ist nicht in jedem Fall gekl\u00e4rt. Der gekennzeichnete Weg stellt die vor- und fr\u00fchgeschichtliche Reiseroute entlang der H\u00f6henz\u00fcge dar. Die Gr\u00fcndung Neustadts als wirtschaftlicher Schwerpunkt seiner Umgebung war zugleich <a class=\"more-link\" href=\"https:\/\/neustaedter-schuetzengilde.de\/schuetzengilde_r\/das-kirchspiel-altenkrempe\/\">weiterlesen&#8230;<\/a><\/p>\n","protected":false},"author":4,"featured_media":0,"parent":0,"menu_order":0,"comment_status":"closed","ping_status":"closed","template":"","meta":{"footnotes":""},"class_list":["post-947","page","type-page","status-publish","hentry"],"rttpg_featured_image_url":null,"rttpg_author":{"display_name":"Hartmut von Halle","author_link":"https:\/\/neustaedter-schuetzengilde.de\/schuetzengilde_r\/author\/hvh\/"},"rttpg_comment":0,"rttpg_category":null,"rttpg_excerpt":"&#8230; beim Abschlu\u00df der Wiederbesiedlung Die genaue Lage der untergegangenen D\u00f6rfer ist nicht in jedem Fall gekl\u00e4rt. Der gekennzeichnete Weg stellt die vor- und fr\u00fchgeschichtliche Reiseroute entlang der H\u00f6henz\u00fcge dar. Die Gr\u00fcndung Neustadts als wirtschaftlicher Schwerpunkt seiner Umgebung war zugleich weiterlesen...","_links":{"self":[{"href":"https:\/\/neustaedter-schuetzengilde.de\/schuetzengilde_r\/wp-json\/wp\/v2\/pages\/947","targetHints":{"allow":["GET"]}}],"collection":[{"href":"https:\/\/neustaedter-schuetzengilde.de\/schuetzengilde_r\/wp-json\/wp\/v2\/pages"}],"about":[{"href":"https:\/\/neustaedter-schuetzengilde.de\/schuetzengilde_r\/wp-json\/wp\/v2\/types\/page"}],"author":[{"embeddable":true,"href":"https:\/\/neustaedter-schuetzengilde.de\/schuetzengilde_r\/wp-json\/wp\/v2\/users\/4"}],"replies":[{"embeddable":true,"href":"https:\/\/neustaedter-schuetzengilde.de\/schuetzengilde_r\/wp-json\/wp\/v2\/comments?post=947"}],"version-history":[{"count":2,"href":"https:\/\/neustaedter-schuetzengilde.de\/schuetzengilde_r\/wp-json\/wp\/v2\/pages\/947\/revisions"}],"predecessor-version":[{"id":949,"href":"https:\/\/neustaedter-schuetzengilde.de\/schuetzengilde_r\/wp-json\/wp\/v2\/pages\/947\/revisions\/949"}],"wp:attachment":[{"href":"https:\/\/neustaedter-schuetzengilde.de\/schuetzengilde_r\/wp-json\/wp\/v2\/media?parent=947"}],"curies":[{"name":"wp","href":"https:\/\/api.w.org\/{rel}","templated":true}]}}