{"id":967,"date":"2017-07-02T14:28:13","date_gmt":"2017-07-02T12:28:13","guid":{"rendered":"http:\/\/neustaedter-schuetzengilde.de\/schuetzengilde_r\/?page_id=967"},"modified":"2017-07-02T14:28:13","modified_gmt":"2017-07-02T12:28:13","slug":"grosser-zapfenstreich","status":"publish","type":"page","link":"https:\/\/neustaedter-schuetzengilde.de\/schuetzengilde_r\/grosser-zapfenstreich\/","title":{"rendered":"Gro\u00dfer Zapfenstreich"},"content":{"rendered":"<p>Der &#8222;Gro\u00dfe Zapfenstreich&#8220; ist des Soldaten eigene Musik von feierlichem Ernst , dem Ernst und der Besonderheit des Soldatenberufs entsprechend. Er wird zu besonderen Anl\u00e4ssen gespielt und hat seine besondere Geschichte.<\/p>\n<p>In der Bundeswehr gilt er noch heute als das bedeutendste Zeremoniell. Die Entstehung des &#8220; Gro\u00dfen Zapfenstreiches &#8220; reicht zur\u00fcck bis zum 30-j\u00e4hrigen Krieg (1618-1648) also die Zeit der Landsknechte. Um zu einer festgesetzten Stunde in den Feldlagern den Beginn der Nachtruhe anzuzeigen zog der &#8222;Profos&#8220; (fr\u00fcher Ankl\u00e4ger und Vollstrecker milit\u00e4rischer Straftaten) durch Sch\u00e4nken und Market\u00e4nderzelte und gebot mit einem Schlag oder Streich auf den Zapfen des Fasses (Bier oder Weinfass) das Ende des Ausschanks. Die Landsknechte hatten umgehend das Lager aufzusuchen. Der &#8222;Profos&#8220; wurde von Pfeiffern und Trommlern begleitet. Diese Gruppe &#8211; &#8222;Spil&#8220; genannt &#8211; zog voraus ins Lager und spielte dabei den Zapfenstreichmarsch. Bis zur Zeit Friedrich Wilhelm 1. wurden die Soldaten so abends in die Lager geschickt. Aus den fast zum gleichen abendlichen Zeitpunkt geblasenen Schlu\u00dfsignalen der Reiter entstanden die Signale des Zapfenstreiches. Aus organisatorischen Gr\u00fcnden ordnete Friedrich Wilhelm 1. an, die Signale und den Zapfenstreichmarsch f\u00fcr Soldaten und Reiter zusammenzulegen. Daraus wurde der &#8222;Kleine Zapfenstreich&#8220;.<\/p>\n<p>Unter Friedrich Wilhelm 3. kam das Gebet dazu. Er hatte 1813 mit dem russischen Zar Alexander 1. nach einer Schlacht bei Gro\u00dfbeeren (s\u00fcdlich von Berlin) an einer Truppenschau teilgenommen und dabei das von russischen Soldaten gesungene Lied &#8222;Ich bete an die Macht der Liebe&#8220; geh\u00f6rt , welches ab sofort zum Zapfenstreich der preu\u00dfischen Truppen geh\u00f6rte.<br \/>\nDer erste Musikinspezient Wilhelm Wiepert stellte den &#8222;Zapfenstreich&#8220; bestehend aus &#8222;Locken-Zapfenstreichmarsch-Gebet&#8220; zusammen und diese Teile geh\u00f6ren bis heute zum &#8222;Gro\u00dfen Zapfenstreich&#8220;.<br \/>\nErstmals 1838 in Berlin erklang so der &#8222;Zapfenstreich&#8220; als Zar Nicolaus 1. den Preu\u00dfenk\u00f6nig besuchte. 1197(!) Musiker spielten damals auf. Bis in die Reichswehr erfolgten weitere \u00dcberarbeitungen.<br \/>\nSo kam auch 1922 die Nationalhymne als Abschlu\u00df dazu und es entstand der &#8222;Gro\u00dfe Zapfenstreich&#8220;.<\/p>\n<p>Heute gilt folgende Spielfolge:<br \/>\nEinleitung (Marsch)<br \/>\nGro\u00dfer Zapfenstreich<br \/>\n1. Locken<br \/>\n2. Zapfenstreichmarsch<br \/>\n3. Alte Signale<br \/>\n4. Auftakt zum Gebet<br \/>\n5. Gebet<br \/>\n6. Abschlag nach dem Gebet<br \/>\n7. Ruf nach dem Gebet<br \/>\n8. Hymne<br \/>\nAusklang (Marsch)<\/p>\n","protected":false},"excerpt":{"rendered":"<p>Der &#8222;Gro\u00dfe Zapfenstreich&#8220; ist des Soldaten eigene Musik von feierlichem Ernst , dem Ernst und der Besonderheit des Soldatenberufs entsprechend. Er wird zu besonderen Anl\u00e4ssen gespielt und hat seine besondere Geschichte. In der Bundeswehr gilt er noch heute als das <a class=\"more-link\" href=\"https:\/\/neustaedter-schuetzengilde.de\/schuetzengilde_r\/grosser-zapfenstreich\/\">weiterlesen&#8230;<\/a><\/p>\n","protected":false},"author":4,"featured_media":0,"parent":0,"menu_order":0,"comment_status":"closed","ping_status":"closed","template":"","meta":{"footnotes":""},"class_list":["post-967","page","type-page","status-publish","hentry"],"rttpg_featured_image_url":null,"rttpg_author":{"display_name":"Hartmut von Halle","author_link":"https:\/\/neustaedter-schuetzengilde.de\/schuetzengilde_r\/author\/hvh\/"},"rttpg_comment":0,"rttpg_category":null,"rttpg_excerpt":"Der &#8222;Gro\u00dfe Zapfenstreich&#8220; ist des Soldaten eigene Musik von feierlichem Ernst , dem Ernst und der Besonderheit des Soldatenberufs entsprechend. Er wird zu besonderen Anl\u00e4ssen gespielt und hat seine besondere Geschichte. In der Bundeswehr gilt er noch heute als das weiterlesen...","_links":{"self":[{"href":"https:\/\/neustaedter-schuetzengilde.de\/schuetzengilde_r\/wp-json\/wp\/v2\/pages\/967","targetHints":{"allow":["GET"]}}],"collection":[{"href":"https:\/\/neustaedter-schuetzengilde.de\/schuetzengilde_r\/wp-json\/wp\/v2\/pages"}],"about":[{"href":"https:\/\/neustaedter-schuetzengilde.de\/schuetzengilde_r\/wp-json\/wp\/v2\/types\/page"}],"author":[{"embeddable":true,"href":"https:\/\/neustaedter-schuetzengilde.de\/schuetzengilde_r\/wp-json\/wp\/v2\/users\/4"}],"replies":[{"embeddable":true,"href":"https:\/\/neustaedter-schuetzengilde.de\/schuetzengilde_r\/wp-json\/wp\/v2\/comments?post=967"}],"version-history":[{"count":1,"href":"https:\/\/neustaedter-schuetzengilde.de\/schuetzengilde_r\/wp-json\/wp\/v2\/pages\/967\/revisions"}],"predecessor-version":[{"id":968,"href":"https:\/\/neustaedter-schuetzengilde.de\/schuetzengilde_r\/wp-json\/wp\/v2\/pages\/967\/revisions\/968"}],"wp:attachment":[{"href":"https:\/\/neustaedter-schuetzengilde.de\/schuetzengilde_r\/wp-json\/wp\/v2\/media?parent=967"}],"curies":[{"name":"wp","href":"https:\/\/api.w.org\/{rel}","templated":true}]}}